{"id":1827,"date":"2023-05-22T09:19:05","date_gmt":"2023-05-22T09:19:05","guid":{"rendered":"https:\/\/m2bswitches.eu\/calidad\/"},"modified":"2024-12-21T08:12:14","modified_gmt":"2024-12-21T08:12:14","slug":"calidad","status":"publish","type":"page","link":"https:\/\/m2bswitches.eu\/de\/calidad\/","title":{"rendered":"Qualit\u00e4t"},"content":{"rendered":"<div class=\"wpb-content-wrapper\">[vc_row full_width=&#8220;stretch_row_content_no_spaces&#8220; equal_height=&#8220;yes&#8220; remove_bottom_col_margin=&#8220;true&#8220;][vc_column width=&#8220;1\/2&#8243; video_bg=&#8220;self_hosted&#8220; css=&#8220;.vc_custom_1687943261763{background-position: center !important;background-repeat: no-repeat !important;background-size: cover !important;}&#8220; video_bg_mp4=&#8220;https:\/\/m2bswitches.eu\/wp-content\/uploads\/2023\/06\/M2B-VIDEO-2.mp4&#8243;]<div class=\"vcex-spacing wpex-w-100 wpex-clear\" style=\"height:400px;\"><\/div>[\/vc_column][vc_column width=&#8220;1\/2&#8243; css=&#8220;.vc_custom_1684747133263{padding-top: 5% !important;padding-right: 10% !important;padding-bottom: 5% !important;padding-left: 10% !important;background-color: #ffda1f !important;}&#8220;]<div class=\"vcex-spacing wpex-w-100 wpex-clear\" style=\"height:20px;\"><\/div>[vc_column_text]\n<h1>Qualit\u00e4tsgarantie<\/h1>\n<p class=\"p1\">Alle unsere Produkte durchlaufen strenge Qualit\u00e4tskontrollen, um ihre einwandfreie Funktion nicht nur mechanisch, sondern auch \u00e4sthetisch sicherzustellen und die Stabilit\u00e4t des Produkts \u00fcber einen langen Zeitraum zu gew\u00e4hrleisten. Aus diesem Grund verf\u00fcgt die \u00fcberwiegende Mehrheit unserer Produkte \u00fcber ENEC- und UL-Zertifizierungen.<\/p>\n[\/vc_column_text]<div class=\"vcex-spacing wpex-w-100 wpex-clear\" style=\"height:20px;\"><\/div>[\/vc_column][\/vc_row][vc_row full_width=&#8220;stretch_row_content_no_spaces&#8220; content_placement=&#8220;middle&#8220; equal_height=&#8220;yes&#8220; remove_bottom_col_margin=&#8220;true&#8220;][vc_column width=&#8220;1\/2&#8243; css=&#8220;.vc_custom_1687943117470{padding-top: 5% !important;padding-right: 10% !important;padding-bottom: 5% !important;padding-left: 10% !important;background-color: #ffda1f !important;background-position: center !important;background-repeat: no-repeat !important;background-size: cover !important;}&#8220;]<div class=\"vcex-spacing wpex-w-100 wpex-clear\" style=\"height:20px;\"><\/div>[vc_column_text]\n<div class=\"wpb_text_column wpb_content_element \">\n<div class=\"wpb_wrapper\">\n<p class=\"p1\">Nach Erhalt der Zertifizierungen wenden wir Selbstkontrollsysteme und Qualit\u00e4tsaudits an. In unserem internen Labor verf\u00fcgen wir \u00fcber Testmaschinen, die denen von <strong>SEMKO, T\u00dcV, VDE oder AENOR<\/strong> \u00e4hneln, und stellen sicher, dass unsere Produkte die <strong>ENEC-Standards<\/strong> \u00fcbertreffen. Unsere Qualit\u00e4tsabteilung kann so die R\u00fcckverfolgbarkeit und Lebenszyklen gew\u00e4hrleisten.<\/p>\n<\/div>\n<\/div>\n[\/vc_column_text]<div class=\"vcex-spacing wpex-w-100 wpex-clear\" style=\"height:20px;\"><\/div>[vc_row_inner content_placement=&#8220;middle&#8220;][vc_column_inner el_class=&#8220;pol-cal&#8220; width=&#8220;1\/2&#8243;]<style>.vcex-image.vcex_69f59f218e10f .vcex-image-inner{max-width:180px;}<\/style><figure class=\"vcex-image vcex-module wpex-text-center vcex_69f59f218e10f\"><div class=\"vcex-image-inner wpex-relative wpex-inline-block\"><a href=\"\/wp-content\/uploads\/2024\/12\/CERT_9001-2015_EN_2024-1.jpg\" class=\"wpex-lightbox\"><img width=\"1965\" height=\"725\" src=\"https:\/\/m2bswitches.eu\/wp-content\/uploads\/2024\/07\/LOGO-ISO-9001-2015-M2B-3.jpg\" class=\"vcex-image-img wpex-align-middle\" alt=\"\" loading=\"lazy\" decoding=\"async\" srcset=\"https:\/\/m2bswitches.eu\/wp-content\/uploads\/2024\/07\/LOGO-ISO-9001-2015-M2B-3.jpg 1965w, https:\/\/m2bswitches.eu\/wp-content\/uploads\/2024\/07\/LOGO-ISO-9001-2015-M2B-3-300x111.jpg 300w, https:\/\/m2bswitches.eu\/wp-content\/uploads\/2024\/07\/LOGO-ISO-9001-2015-M2B-3-1024x378.jpg 1024w, https:\/\/m2bswitches.eu\/wp-content\/uploads\/2024\/07\/LOGO-ISO-9001-2015-M2B-3-768x283.jpg 768w, https:\/\/m2bswitches.eu\/wp-content\/uploads\/2024\/07\/LOGO-ISO-9001-2015-M2B-3-1536x567.jpg 1536w, https:\/\/m2bswitches.eu\/wp-content\/uploads\/2024\/07\/LOGO-ISO-9001-2015-M2B-3-600x221.jpg 600w\" sizes=\"auto, (max-width: 1965px) 100vw, 1965px\" \/><\/a><\/div><\/figure>[\/vc_column_inner][vc_column_inner width=&#8220;1\/2&#8243;]<a href=\"\/de\/qualitaetspolitik\/\" class=\"vcex-button theme-button align-left inline\" target=\"_blank\" rel=\"noopener noreferrer\"><span class=\"vcex-button-inner theme-button-inner wpex-flex wpex-flex-wrap wpex-items-center wpex-justify-center\">Qualit\u00e4tspolitik<\/span><\/a> [\/vc_column_inner][\/vc_row_inner][\/vc_column][vc_column width=&#8220;1\/2&#8243; video_bg=&#8220;self_hosted&#8220; video_bg_mp4=&#8220;https:\/\/m2bswitches.eu\/wp-content\/uploads\/2023\/06\/M2B-VIDEO-3.mp4&#8243;]<div class=\"vcex-spacing wpex-w-100 wpex-clear\" style=\"height:400px;\"><\/div>[\/vc_column][\/vc_row][vc_row full_width=&#8220;stretch_row_content_no_spaces&#8220; css=&#8220;.vc_custom_1684745026062{padding-top: 5px !important;padding-bottom: 5px !important;}&#8220;][vc_column]<div class=\"vcex-image-carousel wpex-carousel wpex-carousel-images wpex-clr vcex-module owl-carousel arrwstyle-default arrwpos-abs\" data-wpex-carousel=\"{&quot;autoplay&quot;:&quot;true&quot;,&quot;center&quot;:&quot;true&quot;,&quot;slideBy&quot;:1,&quot;margin&quot;:5,&quot;items&quot;:5,&quot;responsive&quot;:{&quot;0&quot;:{&quot;items&quot;:&quot;1&quot;},&quot;480&quot;:{&quot;items&quot;:&quot;2&quot;},&quot;768&quot;:{&quot;items&quot;:&quot;3&quot;},&quot;960&quot;:{&quot;items&quot;:5}},&quot;autoplayTimeout&quot;:1500}\"><div class=\"wpex-carousel-slide\"><figure class=\"wpex-carousel-entry-media entry-media wpex-relative\"><img data-no-lazy=\"1\" class=\"wpex-align-middle skip-lazy\" src=\"https:\/\/m2bswitches.eu\/wp-content\/uploads\/2023\/07\/key710.29-800x600.jpg\" alt=\"\" width=\"800\" height=\"600\"><\/figure><\/div><div class=\"wpex-carousel-slide\"><figure class=\"wpex-carousel-entry-media entry-media wpex-relative\"><img data-no-lazy=\"1\" class=\"wpex-align-middle skip-lazy\" src=\"https:\/\/m2bswitches.eu\/wp-content\/uploads\/2023\/07\/key441.31-800x600.jpg\" alt=\"\" width=\"800\" height=\"600\"><\/figure><\/div><div class=\"wpex-carousel-slide\"><figure class=\"wpex-carousel-entry-media entry-media wpex-relative\"><img data-no-lazy=\"1\" class=\"wpex-align-middle skip-lazy\" src=\"https:\/\/m2bswitches.eu\/wp-content\/uploads\/2023\/07\/key332.27-800x600.jpg\" alt=\"\" width=\"800\" height=\"600\"><\/figure><\/div><div class=\"wpex-carousel-slide\"><figure class=\"wpex-carousel-entry-media entry-media wpex-relative\"><img data-no-lazy=\"1\" class=\"wpex-align-middle skip-lazy\" src=\"https:\/\/m2bswitches.eu\/wp-content\/uploads\/2023\/07\/key807.22-800x600.jpg\" alt=\"\" width=\"800\" height=\"600\"><\/figure><\/div><div class=\"wpex-carousel-slide\"><figure class=\"wpex-carousel-entry-media entry-media wpex-relative\"><img data-no-lazy=\"1\" class=\"wpex-align-middle skip-lazy\" src=\"https:\/\/m2bswitches.eu\/wp-content\/uploads\/2023\/07\/KS4833713141.35-800x600.jpg\" alt=\"\" width=\"800\" height=\"600\"><\/figure><\/div><div class=\"wpex-carousel-slide\"><figure class=\"wpex-carousel-entry-media entry-media wpex-relative\"><img data-no-lazy=\"1\" class=\"wpex-align-middle skip-lazy\" src=\"https:\/\/m2bswitches.eu\/wp-content\/uploads\/2023\/06\/JORT9659-Canon-EOS-R7-RF-S18-150mm-F3.5-6.3-IS-STM-11-1600-scaled-800x600.jpg\" alt=\"\" width=\"800\" height=\"600\"><\/figure><\/div><div class=\"wpex-carousel-slide\"><figure class=\"wpex-carousel-entry-media entry-media wpex-relative\"><img data-no-lazy=\"1\" class=\"wpex-align-middle skip-lazy\" src=\"https:\/\/m2bswitches.eu\/wp-content\/uploads\/2023\/06\/JORT9652-Canon-EOS-R7-RF-S18-150mm-F3.5-6.3-IS-STM-6.3-1600-scaled-800x600.jpg\" alt=\"\" width=\"800\" height=\"600\"><\/figure><\/div><div class=\"wpex-carousel-slide\"><figure class=\"wpex-carousel-entry-media entry-media wpex-relative\"><img data-no-lazy=\"1\" class=\"wpex-align-middle skip-lazy\" src=\"https:\/\/m2bswitches.eu\/wp-content\/uploads\/2023\/06\/JORT9644-Canon-EOS-R7-RF-S18-150mm-F3.5-6.3-IS-STM-6.3-1250-scaled-800x600.jpg\" alt=\"\" width=\"800\" height=\"600\"><\/figure><\/div><\/div>[\/vc_column][\/vc_row]\n<\/div>","protected":false},"excerpt":{"rendered":"<p>[vc_row full_width=&#8220;stretch_row_content_no_spaces&#8220; equal_height=&#8220;yes&#8220; remove_bottom_col_margin=&#8220;true&#8220;][vc_column width=&#8220;1\/2&#8243; video_bg=&#8220;self_hosted&#8220; css=&#8220;.vc_custom_1687943261763{background-position: center !important;background-repeat: no-repeat !important;background-size: cover !important;}&#8220; video_bg_mp4=&#8220;https:\/\/m2bswitches.eu\/wp-content\/uploads\/2023\/06\/M2B-VIDEO-2.mp4&#8243;][\/vc_column][vc_column width=&#8220;1\/2&#8243; css=&#8220;.vc_custom_1684747133263{padding-top: 5% !important;padding-right: 10% !important;padding-bottom: 5% !important;padding-left: 10% !important;background-color: #ffda1f !important;}&#8220;][vc_column_text] Qualit\u00e4tsgarantie Alle unsere Produkte durchlaufen strenge Qualit\u00e4tskontrollen, um ihre einwandfreie Funktion nicht nur mechanisch, sondern auch \u00e4sthetisch sicherzustellen und die Stabilit\u00e4t des Produkts \u00fcber einen langen Zeitraum zu gew\u00e4hrleisten.&hellip;<\/p>\n","protected":false},"author":1,"featured_media":0,"parent":0,"menu_order":0,"comment_status":"closed","ping_status":"closed","template":"","meta":{"_acf_changed":false,"footnotes":""},"class_list":["post-1827","page","type-page","status-publish","hentry","entry","no-media"],"acf":[],"yoast_head":"<!-- This site is optimized with the Yoast SEO plugin v27.0 - https:\/\/yoast.com\/product\/yoast-seo-wordpress\/ -->\n<title>Qualit\u00e4t - m2b Switches<\/title>\n<meta name=\"robots\" content=\"index, follow, max-snippet:-1, max-image-preview:large, max-video-preview:-1\" \/>\n<link rel=\"canonical\" href=\"https:\/\/m2bswitches.eu\/de\/calidad\/\" \/>\n<meta property=\"og:locale\" content=\"de_DE\" \/>\n<meta property=\"og:type\" content=\"article\" \/>\n<meta property=\"og:title\" content=\"Qualit\u00e4t - m2b Switches\" \/>\n<meta property=\"og:description\" content=\"[vc_row full_width=&#8220;stretch_row_content_no_spaces&#8220; equal_height=&#8220;yes&#8220; remove_bottom_col_margin=&#8220;true&#8220;][vc_column width=&#8220;1\/2&#8243; video_bg=&#8220;self_hosted&#8220; css=&#8220;.vc_custom_1687943261763{background-position: center !important;background-repeat: no-repeat !important;background-size: cover !important;}&#8220; video_bg_mp4=&#8220;https:\/\/m2bswitches.eu\/wp-content\/uploads\/2023\/06\/M2B-VIDEO-2.mp4&#8243;][\/vc_column][vc_column width=&#8220;1\/2&#8243; css=&#8220;.vc_custom_1684747133263{padding-top: 5% !important;padding-right: 10% !important;padding-bottom: 5% !important;padding-left: 10% !important;background-color: #ffda1f !important;}&#8220;][vc_column_text] Qualit\u00e4tsgarantie Alle unsere Produkte durchlaufen strenge Qualit\u00e4tskontrollen, um ihre einwandfreie Funktion nicht nur mechanisch, sondern auch \u00e4sthetisch sicherzustellen und die Stabilit\u00e4t des Produkts \u00fcber einen langen Zeitraum zu gew\u00e4hrleisten.&hellip;\" \/>\n<meta property=\"og:url\" content=\"https:\/\/m2bswitches.eu\/de\/calidad\/\" \/>\n<meta property=\"og:site_name\" content=\"m2b Switches\" \/>\n<meta property=\"article:modified_time\" content=\"2024-12-21T08:12:14+00:00\" \/>\n<meta name=\"twitter:card\" content=\"summary_large_image\" \/>\n<meta name=\"twitter:site\" content=\"@m2btech\" \/>\n<meta name=\"twitter:label1\" content=\"Gesch\u00e4tzte Lesezeit\" \/>\n\t<meta name=\"twitter:data1\" content=\"1\u00a0Minute\" \/>\n<script type=\"application\/ld+json\" class=\"yoast-schema-graph\">{\"@context\":\"https:\/\/schema.org\",\"@graph\":[{\"@type\":\"WebPage\",\"@id\":\"https:\/\/m2bswitches.eu\/de\/calidad\/\",\"url\":\"https:\/\/m2bswitches.eu\/de\/calidad\/\",\"name\":\"Qualit\u00e4t - m2b Switches\",\"isPartOf\":{\"@id\":\"https:\/\/m2bswitches.eu\/#website\"},\"datePublished\":\"2023-05-22T09:19:05+00:00\",\"dateModified\":\"2024-12-21T08:12:14+00:00\",\"breadcrumb\":{\"@id\":\"https:\/\/m2bswitches.eu\/de\/calidad\/#breadcrumb\"},\"inLanguage\":\"de\",\"potentialAction\":[{\"@type\":\"ReadAction\",\"target\":[\"https:\/\/m2bswitches.eu\/de\/calidad\/\"]}]},{\"@type\":\"BreadcrumbList\",\"@id\":\"https:\/\/m2bswitches.eu\/de\/calidad\/#breadcrumb\",\"itemListElement\":[{\"@type\":\"ListItem\",\"position\":1,\"name\":\"Home\",\"item\":\"https:\/\/m2bswitches.eu\/de\/\"},{\"@type\":\"ListItem\",\"position\":2,\"name\":\"Qualit\u00e4t\"}]},{\"@type\":\"WebSite\",\"@id\":\"https:\/\/m2bswitches.eu\/#website\",\"url\":\"https:\/\/m2bswitches.eu\/\",\"name\":\"m2b Switches\",\"description\":\"Cetrex new project\",\"publisher\":{\"@id\":\"https:\/\/m2bswitches.eu\/#organization\"},\"potentialAction\":[{\"@type\":\"SearchAction\",\"target\":{\"@type\":\"EntryPoint\",\"urlTemplate\":\"https:\/\/m2bswitches.eu\/?s={search_term_string}\"},\"query-input\":{\"@type\":\"PropertyValueSpecification\",\"valueRequired\":true,\"valueName\":\"search_term_string\"}}],\"inLanguage\":\"de\"},{\"@type\":\"Organization\",\"@id\":\"https:\/\/m2bswitches.eu\/#organization\",\"name\":\"m2b Switches\",\"url\":\"https:\/\/m2bswitches.eu\/\",\"logo\":{\"@type\":\"ImageObject\",\"inLanguage\":\"de\",\"@id\":\"https:\/\/m2bswitches.eu\/#\/schema\/logo\/image\/\",\"url\":\"https:\/\/m2bswitches.eu\/wp-content\/uploads\/2023\/06\/logo-m2b.png\",\"contentUrl\":\"https:\/\/m2bswitches.eu\/wp-content\/uploads\/2023\/06\/logo-m2b.png\",\"width\":1115,\"height\":295,\"caption\":\"m2b Switches\"},\"image\":{\"@id\":\"https:\/\/m2bswitches.eu\/#\/schema\/logo\/image\/\"},\"sameAs\":[\"https:\/\/x.com\/m2btech\",\"https:\/\/www.linkedin.com\/company\/m2btechnologies\/?originalSubdomain=es\"]}]}<\/script>\n<!-- \/ Yoast SEO plugin. -->","yoast_head_json":{"title":"Qualit\u00e4t - m2b Switches","robots":{"index":"index","follow":"follow","max-snippet":"max-snippet:-1","max-image-preview":"max-image-preview:large","max-video-preview":"max-video-preview:-1"},"canonical":"https:\/\/m2bswitches.eu\/de\/calidad\/","og_locale":"de_DE","og_type":"article","og_title":"Qualit\u00e4t - m2b Switches","og_description":"[vc_row full_width=&#8220;stretch_row_content_no_spaces&#8220; equal_height=&#8220;yes&#8220; remove_bottom_col_margin=&#8220;true&#8220;][vc_column width=&#8220;1\/2&#8243; video_bg=&#8220;self_hosted&#8220; css=&#8220;.vc_custom_1687943261763{background-position: center !important;background-repeat: no-repeat !important;background-size: cover !important;}&#8220; video_bg_mp4=&#8220;https:\/\/m2bswitches.eu\/wp-content\/uploads\/2023\/06\/M2B-VIDEO-2.mp4&#8243;][\/vc_column][vc_column width=&#8220;1\/2&#8243; css=&#8220;.vc_custom_1684747133263{padding-top: 5% !important;padding-right: 10% !important;padding-bottom: 5% !important;padding-left: 10% !important;background-color: #ffda1f !important;}&#8220;][vc_column_text] Qualit\u00e4tsgarantie Alle unsere Produkte durchlaufen strenge Qualit\u00e4tskontrollen, um ihre einwandfreie Funktion nicht nur mechanisch, sondern auch \u00e4sthetisch sicherzustellen und die Stabilit\u00e4t des Produkts \u00fcber einen langen Zeitraum zu gew\u00e4hrleisten.&hellip;","og_url":"https:\/\/m2bswitches.eu\/de\/calidad\/","og_site_name":"m2b Switches","article_modified_time":"2024-12-21T08:12:14+00:00","twitter_card":"summary_large_image","twitter_site":"@m2btech","twitter_misc":{"Gesch\u00e4tzte Lesezeit":"1\u00a0Minute"},"schema":{"@context":"https:\/\/schema.org","@graph":[{"@type":"WebPage","@id":"https:\/\/m2bswitches.eu\/de\/calidad\/","url":"https:\/\/m2bswitches.eu\/de\/calidad\/","name":"Qualit\u00e4t - m2b Switches","isPartOf":{"@id":"https:\/\/m2bswitches.eu\/#website"},"datePublished":"2023-05-22T09:19:05+00:00","dateModified":"2024-12-21T08:12:14+00:00","breadcrumb":{"@id":"https:\/\/m2bswitches.eu\/de\/calidad\/#breadcrumb"},"inLanguage":"de","potentialAction":[{"@type":"ReadAction","target":["https:\/\/m2bswitches.eu\/de\/calidad\/"]}]},{"@type":"BreadcrumbList","@id":"https:\/\/m2bswitches.eu\/de\/calidad\/#breadcrumb","itemListElement":[{"@type":"ListItem","position":1,"name":"Home","item":"https:\/\/m2bswitches.eu\/de\/"},{"@type":"ListItem","position":2,"name":"Qualit\u00e4t"}]},{"@type":"WebSite","@id":"https:\/\/m2bswitches.eu\/#website","url":"https:\/\/m2bswitches.eu\/","name":"m2b Switches","description":"Cetrex new project","publisher":{"@id":"https:\/\/m2bswitches.eu\/#organization"},"potentialAction":[{"@type":"SearchAction","target":{"@type":"EntryPoint","urlTemplate":"https:\/\/m2bswitches.eu\/?s={search_term_string}"},"query-input":{"@type":"PropertyValueSpecification","valueRequired":true,"valueName":"search_term_string"}}],"inLanguage":"de"},{"@type":"Organization","@id":"https:\/\/m2bswitches.eu\/#organization","name":"m2b Switches","url":"https:\/\/m2bswitches.eu\/","logo":{"@type":"ImageObject","inLanguage":"de","@id":"https:\/\/m2bswitches.eu\/#\/schema\/logo\/image\/","url":"https:\/\/m2bswitches.eu\/wp-content\/uploads\/2023\/06\/logo-m2b.png","contentUrl":"https:\/\/m2bswitches.eu\/wp-content\/uploads\/2023\/06\/logo-m2b.png","width":1115,"height":295,"caption":"m2b Switches"},"image":{"@id":"https:\/\/m2bswitches.eu\/#\/schema\/logo\/image\/"},"sameAs":["https:\/\/x.com\/m2btech","https:\/\/www.linkedin.com\/company\/m2btechnologies\/?originalSubdomain=es"]}]}},"_links":{"self":[{"href":"https:\/\/m2bswitches.eu\/de\/wp-json\/wp\/v2\/pages\/1827","targetHints":{"allow":["GET"]}}],"collection":[{"href":"https:\/\/m2bswitches.eu\/de\/wp-json\/wp\/v2\/pages"}],"about":[{"href":"https:\/\/m2bswitches.eu\/de\/wp-json\/wp\/v2\/types\/page"}],"author":[{"embeddable":true,"href":"https:\/\/m2bswitches.eu\/de\/wp-json\/wp\/v2\/users\/1"}],"replies":[{"embeddable":true,"href":"https:\/\/m2bswitches.eu\/de\/wp-json\/wp\/v2\/comments?post=1827"}],"version-history":[{"count":15,"href":"https:\/\/m2bswitches.eu\/de\/wp-json\/wp\/v2\/pages\/1827\/revisions"}],"predecessor-version":[{"id":11682,"href":"https:\/\/m2bswitches.eu\/de\/wp-json\/wp\/v2\/pages\/1827\/revisions\/11682"}],"wp:attachment":[{"href":"https:\/\/m2bswitches.eu\/de\/wp-json\/wp\/v2\/media?parent=1827"}],"curies":[{"name":"wp","href":"https:\/\/api.w.org\/{rel}","templated":true}]}}