{"id":1839,"date":"2023-05-22T09:28:21","date_gmt":"2023-05-22T09:28:21","guid":{"rendered":"https:\/\/m2bswitches.eu\/customizados\/"},"modified":"2023-07-12T17:55:18","modified_gmt":"2023-07-12T17:55:18","slug":"customizados","status":"publish","type":"page","link":"https:\/\/m2bswitches.eu\/de\/customizados\/","title":{"rendered":"Individuell angepasst"},"content":{"rendered":"<div class=\"wpb-content-wrapper\">[vc_row full_width=&#8220;stretch_row&#8220; content_placement=&#8220;middle&#8220; css=&#8220;.vc_custom_1684747831600{padding-top: 3% !important;padding-bottom: 3% !important;background-color: #f7f7f7 !important;}&#8220;][vc_column width=&#8220;1\/2&#8243;][vc_column_text]\n<h1 class=\"p1\">Sonderanfertigungen<\/h1>\n<p class=\"p1\"><strong>M2B Technologies S.L.<\/strong> fertigt und vermarktet Schalter und kann f\u00fcr Kunden spezifische Designs entwickeln, um einen kompletten Service f\u00fcr das Endprodukt anzubieten.<\/p>\n<p class=\"p1\">\u200b<\/p>\n<p class=\"p1\"><strong>M2B<\/strong> arbeitet Hand in Hand mit seinen Kunden bei der Verwaltung ihrer neuen Projekte. Wir unterst\u00fctzen sie in den Entwurfsphasen des Projekts. Dar\u00fcber hinaus versorgen wir sie mit Materialien, montieren, kontrollieren die Qualit\u00e4t, verpacken und vertreiben die Produkte. Wir bieten unseren Kunden auch einen After-Sales-Service an. So bieten wir unseren Kunden einen kompletten Service vom ersten Konzept ihres Projekts bis zum Endprodukt.<\/p>\n[\/vc_column_text][\/vc_column][vc_column width=&#8220;1\/2&#8243;][vc_single_image image=&#8220;1271&#8243; css=&#8220;.vc_custom_1684747813236{padding: 8% !important;}&#8220;][\/vc_column][\/vc_row][vc_row full_width=&#8220;stretch_row_content_no_spaces&#8220;][vc_column]<div class=\"vcex-image-carousel wpex-carousel wpex-carousel-images wpex-clr vcex-module owl-carousel arrwstyle-default arrwpos-abs\" data-wpex-carousel=\"{&quot;autoplay&quot;:&quot;true&quot;,&quot;center&quot;:&quot;true&quot;,&quot;slideBy&quot;:1,&quot;margin&quot;:5,&quot;items&quot;:5,&quot;responsive&quot;:{&quot;0&quot;:{&quot;items&quot;:&quot;1&quot;},&quot;480&quot;:{&quot;items&quot;:&quot;2&quot;},&quot;768&quot;:{&quot;items&quot;:&quot;3&quot;},&quot;960&quot;:{&quot;items&quot;:5}},&quot;smartSpeed&quot;:250,&quot;autoplayTimeout&quot;:1500}\"><div class=\"wpex-carousel-slide\"><figure class=\"wpex-carousel-entry-media entry-media wpex-relative\"><img data-no-lazy=\"1\" class=\"wpex-align-middle skip-lazy\" src=\"https:\/\/m2bswitches.eu\/wp-content\/uploads\/2023\/07\/key304.91-800x600.jpg\" alt=\"\" width=\"800\" height=\"600\"><\/figure><\/div><div class=\"wpex-carousel-slide\"><figure class=\"wpex-carousel-entry-media entry-media wpex-relative\"><img data-no-lazy=\"1\" class=\"wpex-align-middle skip-lazy\" src=\"https:\/\/m2bswitches.eu\/wp-content\/uploads\/2023\/07\/key802.15-800x600.jpg\" alt=\"\" width=\"800\" height=\"600\"><\/figure><\/div><div class=\"wpex-carousel-slide\"><figure class=\"wpex-carousel-entry-media entry-media wpex-relative\"><img data-no-lazy=\"1\" class=\"wpex-align-middle skip-lazy\" src=\"https:\/\/m2bswitches.eu\/wp-content\/uploads\/2023\/07\/KS52701648.41-800x600.jpg\" alt=\"\" width=\"800\" height=\"600\"><\/figure><\/div><div class=\"wpex-carousel-slide\"><figure class=\"wpex-carousel-entry-media entry-media wpex-relative\"><img data-no-lazy=\"1\" class=\"wpex-align-middle skip-lazy\" src=\"https:\/\/m2bswitches.eu\/wp-content\/uploads\/2023\/07\/key655.36-800x600.jpg\" alt=\"\" width=\"800\" height=\"600\"><\/figure><\/div><div class=\"wpex-carousel-slide\"><figure class=\"wpex-carousel-entry-media entry-media wpex-relative\"><img data-no-lazy=\"1\" class=\"wpex-align-middle skip-lazy\" src=\"https:\/\/m2bswitches.eu\/wp-content\/uploads\/2023\/07\/KS2471628178.38-800x600.jpg\" alt=\"\" width=\"800\" height=\"600\"><\/figure><\/div><div class=\"wpex-carousel-slide\"><figure class=\"wpex-carousel-entry-media entry-media wpex-relative\"><img data-no-lazy=\"1\" class=\"wpex-align-middle skip-lazy\" src=\"https:\/\/m2bswitches.eu\/wp-content\/uploads\/2023\/07\/2-1-800x600.jpg\" alt=\"\" width=\"800\" height=\"600\"><\/figure><\/div><div class=\"wpex-carousel-slide\"><figure class=\"wpex-carousel-entry-media entry-media wpex-relative\"><img data-no-lazy=\"1\" class=\"wpex-align-middle skip-lazy\" src=\"https:\/\/m2bswitches.eu\/wp-content\/uploads\/2023\/07\/key389.70-800x600.jpg\" alt=\"\" width=\"800\" height=\"600\"><\/figure><\/div><div class=\"wpex-carousel-slide\"><figure class=\"wpex-carousel-entry-media entry-media wpex-relative\"><img data-no-lazy=\"1\" class=\"wpex-align-middle skip-lazy\" src=\"https:\/\/m2bswitches.eu\/wp-content\/uploads\/2023\/07\/KS1334327968.65-800x600.jpg\" alt=\"\" width=\"800\" height=\"600\"><\/figure><\/div><div class=\"wpex-carousel-slide\"><figure class=\"wpex-carousel-entry-media entry-media wpex-relative\"><img data-no-lazy=\"1\" class=\"wpex-align-middle skip-lazy\" src=\"https:\/\/m2bswitches.eu\/wp-content\/uploads\/2023\/07\/KS545491660.12-800x600.jpg\" alt=\"\" width=\"800\" height=\"600\"><\/figure><\/div><div class=\"wpex-carousel-slide\"><figure class=\"wpex-carousel-entry-media entry-media wpex-relative\"><img data-no-lazy=\"1\" class=\"wpex-align-middle skip-lazy\" src=\"https:\/\/m2bswitches.eu\/wp-content\/uploads\/2023\/07\/key312.1-800x600.jpg\" alt=\"\" width=\"800\" height=\"600\"><\/figure><\/div><div class=\"wpex-carousel-slide\"><figure class=\"wpex-carousel-entry-media entry-media wpex-relative\"><img data-no-lazy=\"1\" class=\"wpex-align-middle skip-lazy\" src=\"https:\/\/m2bswitches.eu\/wp-content\/uploads\/2023\/07\/1-1-800x600.jpg\" alt=\"\" width=\"800\" height=\"600\"><\/figure><\/div><\/div>[\/vc_column][\/vc_row]\n<\/div>","protected":false},"excerpt":{"rendered":"<p>[vc_row full_width=&#8220;stretch_row&#8220; content_placement=&#8220;middle&#8220; css=&#8220;.vc_custom_1684747831600{padding-top: 3% !important;padding-bottom: 3% !important;background-color: #f7f7f7 !important;}&#8220;][vc_column width=&#8220;1\/2&#8243;][vc_column_text] Sonderanfertigungen M2B Technologies S.L. fertigt und vermarktet Schalter und kann f\u00fcr Kunden spezifische Designs entwickeln, um einen kompletten Service f\u00fcr das Endprodukt anzubieten. \u200b M2B arbeitet Hand in Hand mit seinen Kunden bei der Verwaltung ihrer neuen Projekte. Wir unterst\u00fctzen sie in den Entwurfsphasen&hellip;<\/p>\n","protected":false},"author":1,"featured_media":0,"parent":0,"menu_order":0,"comment_status":"closed","ping_status":"closed","template":"","meta":{"_acf_changed":false,"footnotes":""},"class_list":["post-1839","page","type-page","status-publish","hentry","entry","no-media"],"acf":[],"yoast_head":"<!-- This site is optimized with the Yoast SEO plugin v27.0 - https:\/\/yoast.com\/product\/yoast-seo-wordpress\/ -->\n<title>Individuell angepasst - m2b Switches<\/title>\n<meta name=\"robots\" content=\"index, follow, max-snippet:-1, max-image-preview:large, max-video-preview:-1\" \/>\n<link rel=\"canonical\" href=\"https:\/\/m2bswitches.eu\/de\/customizados\/\" \/>\n<meta property=\"og:locale\" content=\"de_DE\" \/>\n<meta property=\"og:type\" content=\"article\" \/>\n<meta property=\"og:title\" content=\"Individuell angepasst - m2b Switches\" \/>\n<meta property=\"og:description\" content=\"[vc_row full_width=&#8220;stretch_row&#8220; content_placement=&#8220;middle&#8220; css=&#8220;.vc_custom_1684747831600{padding-top: 3% !important;padding-bottom: 3% !important;background-color: #f7f7f7 !important;}&#8220;][vc_column width=&#8220;1\/2&#8243;][vc_column_text] Sonderanfertigungen M2B Technologies S.L. fertigt und vermarktet Schalter und kann f\u00fcr Kunden spezifische Designs entwickeln, um einen kompletten Service f\u00fcr das Endprodukt anzubieten. \u200b M2B arbeitet Hand in Hand mit seinen Kunden bei der Verwaltung ihrer neuen Projekte. Wir unterst\u00fctzen sie in den Entwurfsphasen&hellip;\" \/>\n<meta property=\"og:url\" content=\"https:\/\/m2bswitches.eu\/de\/customizados\/\" \/>\n<meta property=\"og:site_name\" content=\"m2b Switches\" \/>\n<meta property=\"article:modified_time\" content=\"2023-07-12T17:55:18+00:00\" \/>\n<meta name=\"twitter:card\" content=\"summary_large_image\" \/>\n<meta name=\"twitter:site\" content=\"@m2btech\" \/>\n<meta name=\"twitter:label1\" content=\"Gesch\u00e4tzte Lesezeit\" \/>\n\t<meta name=\"twitter:data1\" content=\"1\u00a0Minute\" \/>\n<script type=\"application\/ld+json\" class=\"yoast-schema-graph\">{\"@context\":\"https:\/\/schema.org\",\"@graph\":[{\"@type\":\"WebPage\",\"@id\":\"https:\/\/m2bswitches.eu\/de\/customizados\/\",\"url\":\"https:\/\/m2bswitches.eu\/de\/customizados\/\",\"name\":\"Individuell angepasst - m2b Switches\",\"isPartOf\":{\"@id\":\"https:\/\/m2bswitches.eu\/#website\"},\"datePublished\":\"2023-05-22T09:28:21+00:00\",\"dateModified\":\"2023-07-12T17:55:18+00:00\",\"breadcrumb\":{\"@id\":\"https:\/\/m2bswitches.eu\/de\/customizados\/#breadcrumb\"},\"inLanguage\":\"de\",\"potentialAction\":[{\"@type\":\"ReadAction\",\"target\":[\"https:\/\/m2bswitches.eu\/de\/customizados\/\"]}]},{\"@type\":\"BreadcrumbList\",\"@id\":\"https:\/\/m2bswitches.eu\/de\/customizados\/#breadcrumb\",\"itemListElement\":[{\"@type\":\"ListItem\",\"position\":1,\"name\":\"Home\",\"item\":\"https:\/\/m2bswitches.eu\/de\/\"},{\"@type\":\"ListItem\",\"position\":2,\"name\":\"Individuell angepasst\"}]},{\"@type\":\"WebSite\",\"@id\":\"https:\/\/m2bswitches.eu\/#website\",\"url\":\"https:\/\/m2bswitches.eu\/\",\"name\":\"m2b Switches\",\"description\":\"Cetrex new project\",\"publisher\":{\"@id\":\"https:\/\/m2bswitches.eu\/#organization\"},\"potentialAction\":[{\"@type\":\"SearchAction\",\"target\":{\"@type\":\"EntryPoint\",\"urlTemplate\":\"https:\/\/m2bswitches.eu\/?s={search_term_string}\"},\"query-input\":{\"@type\":\"PropertyValueSpecification\",\"valueRequired\":true,\"valueName\":\"search_term_string\"}}],\"inLanguage\":\"de\"},{\"@type\":\"Organization\",\"@id\":\"https:\/\/m2bswitches.eu\/#organization\",\"name\":\"m2b Switches\",\"url\":\"https:\/\/m2bswitches.eu\/\",\"logo\":{\"@type\":\"ImageObject\",\"inLanguage\":\"de\",\"@id\":\"https:\/\/m2bswitches.eu\/#\/schema\/logo\/image\/\",\"url\":\"https:\/\/m2bswitches.eu\/wp-content\/uploads\/2023\/06\/logo-m2b.png\",\"contentUrl\":\"https:\/\/m2bswitches.eu\/wp-content\/uploads\/2023\/06\/logo-m2b.png\",\"width\":1115,\"height\":295,\"caption\":\"m2b Switches\"},\"image\":{\"@id\":\"https:\/\/m2bswitches.eu\/#\/schema\/logo\/image\/\"},\"sameAs\":[\"https:\/\/x.com\/m2btech\",\"https:\/\/www.linkedin.com\/company\/m2btechnologies\/?originalSubdomain=es\"]}]}<\/script>\n<!-- \/ Yoast SEO plugin. -->","yoast_head_json":{"title":"Individuell angepasst - m2b Switches","robots":{"index":"index","follow":"follow","max-snippet":"max-snippet:-1","max-image-preview":"max-image-preview:large","max-video-preview":"max-video-preview:-1"},"canonical":"https:\/\/m2bswitches.eu\/de\/customizados\/","og_locale":"de_DE","og_type":"article","og_title":"Individuell angepasst - m2b Switches","og_description":"[vc_row full_width=&#8220;stretch_row&#8220; content_placement=&#8220;middle&#8220; css=&#8220;.vc_custom_1684747831600{padding-top: 3% !important;padding-bottom: 3% !important;background-color: #f7f7f7 !important;}&#8220;][vc_column width=&#8220;1\/2&#8243;][vc_column_text] Sonderanfertigungen M2B Technologies S.L. fertigt und vermarktet Schalter und kann f\u00fcr Kunden spezifische Designs entwickeln, um einen kompletten Service f\u00fcr das Endprodukt anzubieten. \u200b M2B arbeitet Hand in Hand mit seinen Kunden bei der Verwaltung ihrer neuen Projekte. Wir unterst\u00fctzen sie in den Entwurfsphasen&hellip;","og_url":"https:\/\/m2bswitches.eu\/de\/customizados\/","og_site_name":"m2b Switches","article_modified_time":"2023-07-12T17:55:18+00:00","twitter_card":"summary_large_image","twitter_site":"@m2btech","twitter_misc":{"Gesch\u00e4tzte Lesezeit":"1\u00a0Minute"},"schema":{"@context":"https:\/\/schema.org","@graph":[{"@type":"WebPage","@id":"https:\/\/m2bswitches.eu\/de\/customizados\/","url":"https:\/\/m2bswitches.eu\/de\/customizados\/","name":"Individuell angepasst - m2b Switches","isPartOf":{"@id":"https:\/\/m2bswitches.eu\/#website"},"datePublished":"2023-05-22T09:28:21+00:00","dateModified":"2023-07-12T17:55:18+00:00","breadcrumb":{"@id":"https:\/\/m2bswitches.eu\/de\/customizados\/#breadcrumb"},"inLanguage":"de","potentialAction":[{"@type":"ReadAction","target":["https:\/\/m2bswitches.eu\/de\/customizados\/"]}]},{"@type":"BreadcrumbList","@id":"https:\/\/m2bswitches.eu\/de\/customizados\/#breadcrumb","itemListElement":[{"@type":"ListItem","position":1,"name":"Home","item":"https:\/\/m2bswitches.eu\/de\/"},{"@type":"ListItem","position":2,"name":"Individuell angepasst"}]},{"@type":"WebSite","@id":"https:\/\/m2bswitches.eu\/#website","url":"https:\/\/m2bswitches.eu\/","name":"m2b Switches","description":"Cetrex new project","publisher":{"@id":"https:\/\/m2bswitches.eu\/#organization"},"potentialAction":[{"@type":"SearchAction","target":{"@type":"EntryPoint","urlTemplate":"https:\/\/m2bswitches.eu\/?s={search_term_string}"},"query-input":{"@type":"PropertyValueSpecification","valueRequired":true,"valueName":"search_term_string"}}],"inLanguage":"de"},{"@type":"Organization","@id":"https:\/\/m2bswitches.eu\/#organization","name":"m2b Switches","url":"https:\/\/m2bswitches.eu\/","logo":{"@type":"ImageObject","inLanguage":"de","@id":"https:\/\/m2bswitches.eu\/#\/schema\/logo\/image\/","url":"https:\/\/m2bswitches.eu\/wp-content\/uploads\/2023\/06\/logo-m2b.png","contentUrl":"https:\/\/m2bswitches.eu\/wp-content\/uploads\/2023\/06\/logo-m2b.png","width":1115,"height":295,"caption":"m2b Switches"},"image":{"@id":"https:\/\/m2bswitches.eu\/#\/schema\/logo\/image\/"},"sameAs":["https:\/\/x.com\/m2btech","https:\/\/www.linkedin.com\/company\/m2btechnologies\/?originalSubdomain=es"]}]}},"_links":{"self":[{"href":"https:\/\/m2bswitches.eu\/de\/wp-json\/wp\/v2\/pages\/1839","targetHints":{"allow":["GET"]}}],"collection":[{"href":"https:\/\/m2bswitches.eu\/de\/wp-json\/wp\/v2\/pages"}],"about":[{"href":"https:\/\/m2bswitches.eu\/de\/wp-json\/wp\/v2\/types\/page"}],"author":[{"embeddable":true,"href":"https:\/\/m2bswitches.eu\/de\/wp-json\/wp\/v2\/users\/1"}],"replies":[{"embeddable":true,"href":"https:\/\/m2bswitches.eu\/de\/wp-json\/wp\/v2\/comments?post=1839"}],"version-history":[{"count":7,"href":"https:\/\/m2bswitches.eu\/de\/wp-json\/wp\/v2\/pages\/1839\/revisions"}],"predecessor-version":[{"id":5999,"href":"https:\/\/m2bswitches.eu\/de\/wp-json\/wp\/v2\/pages\/1839\/revisions\/5999"}],"wp:attachment":[{"href":"https:\/\/m2bswitches.eu\/de\/wp-json\/wp\/v2\/media?parent=1839"}],"curies":[{"name":"wp","href":"https:\/\/api.w.org\/{rel}","templated":true}]}}