{"id":1847,"date":"2023-05-22T08:34:50","date_gmt":"2023-05-22T08:34:50","guid":{"rendered":"https:\/\/m2bswitches.eu\/empresa\/"},"modified":"2024-07-18T15:22:24","modified_gmt":"2024-07-18T15:22:24","slug":"empresa","status":"publish","type":"page","link":"https:\/\/m2bswitches.eu\/de\/empresa\/","title":{"rendered":"Unternehmen"},"content":{"rendered":"<div class=\"wpb-content-wrapper\">[vc_row full_width=&#8220;stretch_row_content_no_spaces&#8220; equal_height=&#8220;yes&#8220; remove_bottom_col_margin=&#8220;true&#8220;][vc_column width=&#8220;1\/2&#8243; css=&#8220;.vc_custom_1684744488605{background-image: url(https:\/\/m2bswitches.eu\/wp-content\/uploads\/2023\/05\/61830f_51d98e2620af4267afc5e3387b9e346amv2.jpg.webp?id=1247) !important;background-position: center !important;background-repeat: no-repeat !important;background-size: cover !important;}&#8220;]<div class=\"vcex-spacing wpex-w-100 wpex-clear\" style=\"height:400px;\"><\/div>[\/vc_column][vc_column width=&#8220;1\/2&#8243; css=&#8220;.vc_custom_1684744528186{padding-top: 5% !important;padding-right: 10% !important;padding-bottom: 5% !important;padding-left: 10% !important;background-color: #f72307 !important;}&#8220;]<div class=\"vcex-spacing wpex-w-100 wpex-clear\" style=\"height:20px;\"><\/div>[vc_column_text color=&#8220;#ffffff&#8220;]\n<h1>Unternehmen<\/h1>\n<p class=\"p1\"><strong>M2B Technologies<\/strong> ist ein nach<strong> ISO 9001 zertifiziertes<\/strong> Unternehmen, das auf die Entwicklung und Herstellung elektromechanischer Komponenten spezialisiert ist und \u00fcber mehr als 40 Jahre Erfahrung in diesem Sektor verf\u00fcgt.<\/p>\n<p class=\"p1\">Mit dem Ziel, auf die Bed\u00fcrfnisse und Erwartungen unserer Kunden einzugehen, haben wir 2004 mit unserem asiatischen Partner ein neues Unternehmen gegr\u00fcndet, das es uns mit zunehmender St\u00e4rke erm\u00f6glicht, unseren Kunden ein hervorragendes Preis-Leistungs-Verh\u00e4ltnis anzubieten.<\/p>\n<p class=\"p1\">Unsere Produkte werden in Barcelona entworfen und getestet und dann von unserem Partner nach unseren Vorgaben hergestellt. Durch diese gro\u00dfartige Vereinbarung konnten wir unsere Wettbewerbsf\u00e4higkeit steigern und dank dessen vertrauen uns die wichtigsten Hersteller von Elektro- und Elektronikger\u00e4ten auf nationaler und internationaler Ebene als Lieferanten und Partner.<\/p>\n<p class=\"p1\">Dank des hohen Qualit\u00e4tsstandards unserer Produkte und unseres Individualisierungsservices sind wir in der Lage, unsere Kunden erfolgreich von der Entwurfsphase bis zur Produktion ihrer Produkte (Schalter, Meldeleuchten, Baugruppen, kundenspezifische L\u00f6sungen usw.) zu begleiten.<\/p>\n[\/vc_column_text]<div class=\"vcex-spacing wpex-w-100 wpex-clear\" style=\"height:20px;\"><\/div>[\/vc_column][\/vc_row][vc_row full_width=&#8220;stretch_row_content_no_spaces&#8220; css=&#8220;.vc_custom_1684745026062{padding-top: 5px !important;padding-bottom: 5px !important;}&#8220;][vc_column]<div class=\"vcex-image-carousel wpex-carousel wpex-carousel-images wpex-clr vcex-module owl-carousel arrwstyle-default arrwpos-abs\" data-wpex-carousel=\"{&quot;autoplay&quot;:&quot;true&quot;,&quot;center&quot;:&quot;true&quot;,&quot;slideBy&quot;:1,&quot;margin&quot;:5,&quot;items&quot;:5,&quot;responsive&quot;:{&quot;0&quot;:{&quot;items&quot;:&quot;1&quot;},&quot;480&quot;:{&quot;items&quot;:&quot;2&quot;},&quot;768&quot;:{&quot;items&quot;:&quot;3&quot;},&quot;960&quot;:{&quot;items&quot;:5}},&quot;autoplayTimeout&quot;:1500}\"><div class=\"wpex-carousel-slide\"><figure class=\"wpex-carousel-entry-media entry-media wpex-relative\"><img data-no-lazy=\"1\" class=\"wpex-align-middle skip-lazy\" src=\"https:\/\/m2bswitches.eu\/wp-content\/uploads\/2023\/06\/JORT9639-Canon-EOS-R7-RF-S18-150mm-F3.5-6.3-IS-STM-6.3-640-1-scaled-800x600.jpg\" alt=\"\" width=\"800\" height=\"600\"><\/figure><\/div><div class=\"wpex-carousel-slide\"><figure class=\"wpex-carousel-entry-media entry-media wpex-relative\"><img data-no-lazy=\"1\" class=\"wpex-align-middle skip-lazy\" src=\"https:\/\/m2bswitches.eu\/wp-content\/uploads\/2023\/06\/JORT9637-Canon-EOS-R7-RF-S18-150mm-F3.5-6.3-IS-STM-6.3-640-scaled-800x600.jpg\" alt=\"\" width=\"800\" height=\"600\"><\/figure><\/div><div class=\"wpex-carousel-slide\"><figure class=\"wpex-carousel-entry-media entry-media wpex-relative\"><img data-no-lazy=\"1\" class=\"wpex-align-middle skip-lazy\" src=\"https:\/\/m2bswitches.eu\/wp-content\/uploads\/2023\/06\/volante-folleto-promocion-anuncio-negocio-profesional-azul-800x600.jpg\" alt=\"\" width=\"800\" height=\"600\"><\/figure><\/div><div class=\"wpex-carousel-slide\"><figure class=\"wpex-carousel-entry-media entry-media wpex-relative\"><img data-no-lazy=\"1\" class=\"wpex-align-middle skip-lazy\" src=\"https:\/\/m2bswitches.eu\/wp-content\/uploads\/2023\/06\/JORT9626-Canon-EOS-R7-RF-S18-150mm-F3.5-6.3-IS-STM-5.6-1250-scaled-800x600.jpg\" alt=\"\" width=\"800\" height=\"600\"><\/figure><\/div><div class=\"wpex-carousel-slide\"><figure class=\"wpex-carousel-entry-media entry-media wpex-relative\"><img data-no-lazy=\"1\" class=\"wpex-align-middle skip-lazy\" src=\"https:\/\/m2bswitches.eu\/wp-content\/uploads\/2023\/06\/IMG_1881-1-scaled-800x600.jpg\" alt=\"\" srcset=\"https:\/\/m2bswitches.eu\/wp-content\/uploads\/2023\/06\/IMG_1881-1-scaled-800x600.jpg 800w, https:\/\/m2bswitches.eu\/wp-content\/uploads\/2023\/06\/IMG_1881-1-300x225.jpg 300w, https:\/\/m2bswitches.eu\/wp-content\/uploads\/2023\/06\/IMG_1881-1-1024x768.jpg 1024w, https:\/\/m2bswitches.eu\/wp-content\/uploads\/2023\/06\/IMG_1881-1-768x576.jpg 768w, https:\/\/m2bswitches.eu\/wp-content\/uploads\/2023\/06\/IMG_1881-1-1536x1152.jpg 1536w, https:\/\/m2bswitches.eu\/wp-content\/uploads\/2023\/06\/IMG_1881-1-2048x1536.jpg 2048w, https:\/\/m2bswitches.eu\/wp-content\/uploads\/2023\/06\/IMG_1881-1-600x450.jpg 600w\" width=\"800\" height=\"600\"><\/figure><\/div><div class=\"wpex-carousel-slide\"><figure class=\"wpex-carousel-entry-media entry-media wpex-relative\"><img data-no-lazy=\"1\" class=\"wpex-align-middle skip-lazy\" src=\"https:\/\/m2bswitches.eu\/wp-content\/uploads\/2023\/07\/RD-2-1-scaled-800x600.jpg\" alt=\"\" width=\"800\" height=\"600\"><\/figure><\/div><div class=\"wpex-carousel-slide\"><figure class=\"wpex-carousel-entry-media entry-media wpex-relative\"><img data-no-lazy=\"1\" class=\"wpex-align-middle skip-lazy\" src=\"https:\/\/m2bswitches.eu\/wp-content\/uploads\/2023\/07\/RD-1-2-scaled-800x600.jpg\" alt=\"\" width=\"800\" height=\"600\"><\/figure><\/div><div class=\"wpex-carousel-slide\"><figure class=\"wpex-carousel-entry-media entry-media wpex-relative\"><img data-no-lazy=\"1\" class=\"wpex-align-middle skip-lazy\" src=\"https:\/\/m2bswitches.eu\/wp-content\/uploads\/2023\/07\/RD-scaled-800x600.jpg\" alt=\"\" width=\"800\" height=\"600\"><\/figure><\/div><div class=\"wpex-carousel-slide\"><figure class=\"wpex-carousel-entry-media entry-media wpex-relative\"><img data-no-lazy=\"1\" class=\"wpex-align-middle skip-lazy\" src=\"https:\/\/m2bswitches.eu\/wp-content\/uploads\/2023\/07\/Quality-Assurance-5-scaled-800x600.jpg\" alt=\"\" width=\"800\" height=\"600\"><\/figure><\/div><div class=\"wpex-carousel-slide\"><figure class=\"wpex-carousel-entry-media entry-media wpex-relative\"><img data-no-lazy=\"1\" class=\"wpex-align-middle skip-lazy\" src=\"https:\/\/m2bswitches.eu\/wp-content\/uploads\/2023\/07\/Quality-Assurance-4-scaled-800x600.jpg\" alt=\"\" width=\"800\" height=\"600\"><\/figure><\/div><div class=\"wpex-carousel-slide\"><figure class=\"wpex-carousel-entry-media entry-media wpex-relative\"><img data-no-lazy=\"1\" class=\"wpex-align-middle skip-lazy\" src=\"https:\/\/m2bswitches.eu\/wp-content\/uploads\/2023\/07\/13-800x600.jpg\" alt=\"\" width=\"800\" height=\"600\"><\/figure><\/div><div class=\"wpex-carousel-slide\"><figure class=\"wpex-carousel-entry-media entry-media wpex-relative\"><img data-no-lazy=\"1\" class=\"wpex-align-middle skip-lazy\" src=\"https:\/\/m2bswitches.eu\/wp-content\/uploads\/2023\/07\/5-800x600.jpg\" alt=\"\" width=\"800\" height=\"600\"><\/figure><\/div><\/div>[\/vc_column][\/vc_row]\n<\/div>","protected":false},"excerpt":{"rendered":"<p>[vc_row full_width=&#8220;stretch_row_content_no_spaces&#8220; equal_height=&#8220;yes&#8220; remove_bottom_col_margin=&#8220;true&#8220;][vc_column width=&#8220;1\/2&#8243; css=&#8220;.vc_custom_1684744488605{background-image: url(https:\/\/m2bswitches.eu\/wp-content\/uploads\/2023\/05\/61830f_51d98e2620af4267afc5e3387b9e346amv2.jpg.webp?id=1247) !important;background-position: center !important;background-repeat: no-repeat !important;background-size: cover !important;}&#8220;][\/vc_column][vc_column width=&#8220;1\/2&#8243; css=&#8220;.vc_custom_1684744528186{padding-top: 5% !important;padding-right: 10% !important;padding-bottom: 5% !important;padding-left: 10% !important;background-color: #f72307 !important;}&#8220;][vc_column_text color=&#8220;#ffffff&#8220;] Unternehmen M2B Technologies ist ein nach ISO 9001 zertifiziertes Unternehmen, das auf die Entwicklung und Herstellung elektromechanischer Komponenten spezialisiert ist und \u00fcber mehr als 40 Jahre Erfahrung in&hellip;<\/p>\n","protected":false},"author":1,"featured_media":0,"parent":0,"menu_order":0,"comment_status":"closed","ping_status":"closed","template":"","meta":{"_acf_changed":false,"footnotes":""},"class_list":["post-1847","page","type-page","status-publish","hentry","entry","no-media"],"acf":[],"yoast_head":"<!-- This site is optimized with the Yoast SEO plugin v27.0 - https:\/\/yoast.com\/product\/yoast-seo-wordpress\/ -->\n<title>Unternehmen - m2b Switches<\/title>\n<meta name=\"robots\" content=\"index, follow, max-snippet:-1, max-image-preview:large, max-video-preview:-1\" \/>\n<link rel=\"canonical\" href=\"https:\/\/m2bswitches.eu\/de\/empresa\/\" \/>\n<meta property=\"og:locale\" content=\"de_DE\" \/>\n<meta property=\"og:type\" content=\"article\" \/>\n<meta property=\"og:title\" content=\"Unternehmen - m2b Switches\" \/>\n<meta property=\"og:description\" content=\"[vc_row full_width=&#8220;stretch_row_content_no_spaces&#8220; equal_height=&#8220;yes&#8220; remove_bottom_col_margin=&#8220;true&#8220;][vc_column width=&#8220;1\/2&#8243; css=&#8220;.vc_custom_1684744488605{background-image: url(https:\/\/m2bswitches.eu\/wp-content\/uploads\/2023\/05\/61830f_51d98e2620af4267afc5e3387b9e346amv2.jpg.webp?id=1247) !important;background-position: center !important;background-repeat: no-repeat !important;background-size: cover !important;}&#8220;][\/vc_column][vc_column width=&#8220;1\/2&#8243; css=&#8220;.vc_custom_1684744528186{padding-top: 5% !important;padding-right: 10% !important;padding-bottom: 5% !important;padding-left: 10% !important;background-color: #f72307 !important;}&#8220;][vc_column_text color=&#8220;#ffffff&#8220;] Unternehmen M2B Technologies ist ein nach ISO 9001 zertifiziertes Unternehmen, das auf die Entwicklung und Herstellung elektromechanischer Komponenten spezialisiert ist und \u00fcber mehr als 40 Jahre Erfahrung in&hellip;\" \/>\n<meta property=\"og:url\" content=\"https:\/\/m2bswitches.eu\/de\/empresa\/\" \/>\n<meta property=\"og:site_name\" content=\"m2b Switches\" \/>\n<meta property=\"article:modified_time\" content=\"2024-07-18T15:22:24+00:00\" \/>\n<meta name=\"twitter:card\" content=\"summary_large_image\" \/>\n<meta name=\"twitter:site\" content=\"@m2btech\" \/>\n<meta name=\"twitter:label1\" content=\"Gesch\u00e4tzte Lesezeit\" \/>\n\t<meta name=\"twitter:data1\" content=\"1\u00a0Minute\" \/>\n<script type=\"application\/ld+json\" class=\"yoast-schema-graph\">{\"@context\":\"https:\/\/schema.org\",\"@graph\":[{\"@type\":\"WebPage\",\"@id\":\"https:\/\/m2bswitches.eu\/de\/empresa\/\",\"url\":\"https:\/\/m2bswitches.eu\/de\/empresa\/\",\"name\":\"Unternehmen - m2b Switches\",\"isPartOf\":{\"@id\":\"https:\/\/m2bswitches.eu\/#website\"},\"datePublished\":\"2023-05-22T08:34:50+00:00\",\"dateModified\":\"2024-07-18T15:22:24+00:00\",\"breadcrumb\":{\"@id\":\"https:\/\/m2bswitches.eu\/de\/empresa\/#breadcrumb\"},\"inLanguage\":\"de\",\"potentialAction\":[{\"@type\":\"ReadAction\",\"target\":[\"https:\/\/m2bswitches.eu\/de\/empresa\/\"]}]},{\"@type\":\"BreadcrumbList\",\"@id\":\"https:\/\/m2bswitches.eu\/de\/empresa\/#breadcrumb\",\"itemListElement\":[{\"@type\":\"ListItem\",\"position\":1,\"name\":\"Home\",\"item\":\"https:\/\/m2bswitches.eu\/de\/\"},{\"@type\":\"ListItem\",\"position\":2,\"name\":\"Unternehmen\"}]},{\"@type\":\"WebSite\",\"@id\":\"https:\/\/m2bswitches.eu\/#website\",\"url\":\"https:\/\/m2bswitches.eu\/\",\"name\":\"m2b Switches\",\"description\":\"Cetrex new project\",\"publisher\":{\"@id\":\"https:\/\/m2bswitches.eu\/#organization\"},\"potentialAction\":[{\"@type\":\"SearchAction\",\"target\":{\"@type\":\"EntryPoint\",\"urlTemplate\":\"https:\/\/m2bswitches.eu\/?s={search_term_string}\"},\"query-input\":{\"@type\":\"PropertyValueSpecification\",\"valueRequired\":true,\"valueName\":\"search_term_string\"}}],\"inLanguage\":\"de\"},{\"@type\":\"Organization\",\"@id\":\"https:\/\/m2bswitches.eu\/#organization\",\"name\":\"m2b Switches\",\"url\":\"https:\/\/m2bswitches.eu\/\",\"logo\":{\"@type\":\"ImageObject\",\"inLanguage\":\"de\",\"@id\":\"https:\/\/m2bswitches.eu\/#\/schema\/logo\/image\/\",\"url\":\"https:\/\/m2bswitches.eu\/wp-content\/uploads\/2023\/06\/logo-m2b.png\",\"contentUrl\":\"https:\/\/m2bswitches.eu\/wp-content\/uploads\/2023\/06\/logo-m2b.png\",\"width\":1115,\"height\":295,\"caption\":\"m2b Switches\"},\"image\":{\"@id\":\"https:\/\/m2bswitches.eu\/#\/schema\/logo\/image\/\"},\"sameAs\":[\"https:\/\/x.com\/m2btech\",\"https:\/\/www.linkedin.com\/company\/m2btechnologies\/?originalSubdomain=es\"]}]}<\/script>\n<!-- \/ Yoast SEO plugin. -->","yoast_head_json":{"title":"Unternehmen - m2b Switches","robots":{"index":"index","follow":"follow","max-snippet":"max-snippet:-1","max-image-preview":"max-image-preview:large","max-video-preview":"max-video-preview:-1"},"canonical":"https:\/\/m2bswitches.eu\/de\/empresa\/","og_locale":"de_DE","og_type":"article","og_title":"Unternehmen - m2b Switches","og_description":"[vc_row full_width=&#8220;stretch_row_content_no_spaces&#8220; equal_height=&#8220;yes&#8220; remove_bottom_col_margin=&#8220;true&#8220;][vc_column width=&#8220;1\/2&#8243; css=&#8220;.vc_custom_1684744488605{background-image: url(https:\/\/m2bswitches.eu\/wp-content\/uploads\/2023\/05\/61830f_51d98e2620af4267afc5e3387b9e346amv2.jpg.webp?id=1247) !important;background-position: center !important;background-repeat: no-repeat !important;background-size: cover !important;}&#8220;][\/vc_column][vc_column width=&#8220;1\/2&#8243; css=&#8220;.vc_custom_1684744528186{padding-top: 5% !important;padding-right: 10% !important;padding-bottom: 5% !important;padding-left: 10% !important;background-color: #f72307 !important;}&#8220;][vc_column_text color=&#8220;#ffffff&#8220;] Unternehmen M2B Technologies ist ein nach ISO 9001 zertifiziertes Unternehmen, das auf die Entwicklung und Herstellung elektromechanischer Komponenten spezialisiert ist und \u00fcber mehr als 40 Jahre Erfahrung in&hellip;","og_url":"https:\/\/m2bswitches.eu\/de\/empresa\/","og_site_name":"m2b Switches","article_modified_time":"2024-07-18T15:22:24+00:00","twitter_card":"summary_large_image","twitter_site":"@m2btech","twitter_misc":{"Gesch\u00e4tzte Lesezeit":"1\u00a0Minute"},"schema":{"@context":"https:\/\/schema.org","@graph":[{"@type":"WebPage","@id":"https:\/\/m2bswitches.eu\/de\/empresa\/","url":"https:\/\/m2bswitches.eu\/de\/empresa\/","name":"Unternehmen - m2b Switches","isPartOf":{"@id":"https:\/\/m2bswitches.eu\/#website"},"datePublished":"2023-05-22T08:34:50+00:00","dateModified":"2024-07-18T15:22:24+00:00","breadcrumb":{"@id":"https:\/\/m2bswitches.eu\/de\/empresa\/#breadcrumb"},"inLanguage":"de","potentialAction":[{"@type":"ReadAction","target":["https:\/\/m2bswitches.eu\/de\/empresa\/"]}]},{"@type":"BreadcrumbList","@id":"https:\/\/m2bswitches.eu\/de\/empresa\/#breadcrumb","itemListElement":[{"@type":"ListItem","position":1,"name":"Home","item":"https:\/\/m2bswitches.eu\/de\/"},{"@type":"ListItem","position":2,"name":"Unternehmen"}]},{"@type":"WebSite","@id":"https:\/\/m2bswitches.eu\/#website","url":"https:\/\/m2bswitches.eu\/","name":"m2b Switches","description":"Cetrex new project","publisher":{"@id":"https:\/\/m2bswitches.eu\/#organization"},"potentialAction":[{"@type":"SearchAction","target":{"@type":"EntryPoint","urlTemplate":"https:\/\/m2bswitches.eu\/?s={search_term_string}"},"query-input":{"@type":"PropertyValueSpecification","valueRequired":true,"valueName":"search_term_string"}}],"inLanguage":"de"},{"@type":"Organization","@id":"https:\/\/m2bswitches.eu\/#organization","name":"m2b Switches","url":"https:\/\/m2bswitches.eu\/","logo":{"@type":"ImageObject","inLanguage":"de","@id":"https:\/\/m2bswitches.eu\/#\/schema\/logo\/image\/","url":"https:\/\/m2bswitches.eu\/wp-content\/uploads\/2023\/06\/logo-m2b.png","contentUrl":"https:\/\/m2bswitches.eu\/wp-content\/uploads\/2023\/06\/logo-m2b.png","width":1115,"height":295,"caption":"m2b Switches"},"image":{"@id":"https:\/\/m2bswitches.eu\/#\/schema\/logo\/image\/"},"sameAs":["https:\/\/x.com\/m2btech","https:\/\/www.linkedin.com\/company\/m2btechnologies\/?originalSubdomain=es"]}]}},"_links":{"self":[{"href":"https:\/\/m2bswitches.eu\/de\/wp-json\/wp\/v2\/pages\/1847","targetHints":{"allow":["GET"]}}],"collection":[{"href":"https:\/\/m2bswitches.eu\/de\/wp-json\/wp\/v2\/pages"}],"about":[{"href":"https:\/\/m2bswitches.eu\/de\/wp-json\/wp\/v2\/types\/page"}],"author":[{"embeddable":true,"href":"https:\/\/m2bswitches.eu\/de\/wp-json\/wp\/v2\/users\/1"}],"replies":[{"embeddable":true,"href":"https:\/\/m2bswitches.eu\/de\/wp-json\/wp\/v2\/comments?post=1847"}],"version-history":[{"count":7,"href":"https:\/\/m2bswitches.eu\/de\/wp-json\/wp\/v2\/pages\/1847\/revisions"}],"predecessor-version":[{"id":10899,"href":"https:\/\/m2bswitches.eu\/de\/wp-json\/wp\/v2\/pages\/1847\/revisions\/10899"}],"wp:attachment":[{"href":"https:\/\/m2bswitches.eu\/de\/wp-json\/wp\/v2\/media?parent=1847"}],"curies":[{"name":"wp","href":"https:\/\/api.w.org\/{rel}","templated":true}]}}