{"id":1855,"date":"2023-05-22T09:23:08","date_gmt":"2023-05-22T09:23:08","guid":{"rendered":"https:\/\/m2bswitches.eu\/rd\/"},"modified":"2023-07-12T20:46:19","modified_gmt":"2023-07-12T20:46:19","slug":"rd","status":"publish","type":"page","link":"https:\/\/m2bswitches.eu\/de\/rd\/","title":{"rendered":"R&#038;D"},"content":{"rendered":"<div class=\"wpb-content-wrapper\">[vc_row full_width=&#8220;stretch_row_content_no_spaces&#8220; equal_height=&#8220;yes&#8220; remove_bottom_col_margin=&#8220;true&#8220;][vc_column width=&#8220;1\/2&#8243; css=&#8220;.vc_custom_1688056844934{background-image: url(https:\/\/m2bswitches.eu\/wp-content\/uploads\/2023\/06\/JORT9660-Canon-EOS-R7-RF-S18-150mm-F3.5-6.3-IS-STM-7.1-400-scaled.jpg?id=5206) !important;background-position: center !important;background-repeat: no-repeat !important;background-size: cover !important;}&#8220;]<div class=\"vcex-spacing wpex-w-100 wpex-clear\" style=\"height:400px;\"><\/div>[\/vc_column][vc_column width=&#8220;1\/2&#8243; css=&#8220;.vc_custom_1684747351307{padding-top: 5% !important;padding-right: 10% !important;padding-bottom: 5% !important;padding-left: 10% !important;background-color: #686868 !important;}&#8220;]<div class=\"vcex-spacing wpex-w-100 wpex-clear\" style=\"height:20px;\"><\/div>[vc_column_text color=&#8220;#ffffff&#8220;]\n<h1>R&amp;D<\/h1>\n<p class=\"p1\">Die Forschung, Gestaltung und Entwicklung neuer L\u00f6sungen ist einer der wichtigsten Punkte f\u00fcr M2B, da eines unserer Hauptziele darin besteht, praktische Antworten auf Marktbed\u00fcrfnisse zu geben.<\/p>\n<p class=\"p1\">Wir verf\u00fcgen \u00fcber eine eigene Konstruktionsabteilung, in der Wissen, Erfahrung, Kapazit\u00e4t, Innovation und Kreativit\u00e4t zusammenkommen, um die exklusivsten und individuellsten Designs zu schaffen und dabei die spezifischen Bed\u00fcrfnisse jedes Kunden zu ber\u00fccksichtigen.<\/p>\n<p class=\"p1\">Dank modernster<strong> Cad-Cam-Technologie und 3D-Druckern<\/strong> k\u00f6nnen wir sehr schnell Prototypen mittels Stereolithographie erstellen.<\/p>\n[\/vc_column_text]<div class=\"vcex-spacing wpex-w-100 wpex-clear\" style=\"height:20px;\"><\/div>[\/vc_column][\/vc_row][vc_row full_width=&#8220;stretch_row_content_no_spaces&#8220; css=&#8220;.vc_custom_1684745026062{padding-top: 5px !important;padding-bottom: 5px !important;}&#8220;][vc_column]<div class=\"vcex-image-carousel wpex-carousel wpex-carousel-images wpex-clr vcex-module owl-carousel arrwstyle-default arrwpos-abs\" data-wpex-carousel=\"{&quot;autoplay&quot;:&quot;true&quot;,&quot;center&quot;:&quot;true&quot;,&quot;slideBy&quot;:1,&quot;margin&quot;:5,&quot;items&quot;:5,&quot;responsive&quot;:{&quot;0&quot;:{&quot;items&quot;:&quot;1&quot;},&quot;480&quot;:{&quot;items&quot;:&quot;2&quot;},&quot;768&quot;:{&quot;items&quot;:&quot;3&quot;},&quot;960&quot;:{&quot;items&quot;:5}},&quot;autoplayTimeout&quot;:1500}\"><div class=\"wpex-carousel-slide\"><figure class=\"wpex-carousel-entry-media entry-media wpex-relative\"><img data-no-lazy=\"1\" class=\"wpex-align-middle skip-lazy\" src=\"https:\/\/m2bswitches.eu\/wp-content\/uploads\/2023\/07\/key346.9-1-800x600.jpg\" alt=\"\" width=\"800\" height=\"600\"><\/figure><\/div><div class=\"wpex-carousel-slide\"><figure class=\"wpex-carousel-entry-media entry-media wpex-relative\"><img data-no-lazy=\"1\" class=\"wpex-align-middle skip-lazy\" src=\"https:\/\/m2bswitches.eu\/wp-content\/uploads\/2023\/07\/key983.108-800x600.jpg\" alt=\"\" width=\"800\" height=\"600\"><\/figure><\/div><div class=\"wpex-carousel-slide\"><figure class=\"wpex-carousel-entry-media entry-media wpex-relative\"><img data-no-lazy=\"1\" class=\"wpex-align-middle skip-lazy\" src=\"https:\/\/m2bswitches.eu\/wp-content\/uploads\/2023\/07\/KS3015613174.49-1-800x600.jpg\" alt=\"\" width=\"800\" height=\"600\"><\/figure><\/div><div class=\"wpex-carousel-slide\"><figure class=\"wpex-carousel-entry-media entry-media wpex-relative\"><img data-no-lazy=\"1\" class=\"wpex-align-middle skip-lazy\" src=\"https:\/\/m2bswitches.eu\/wp-content\/uploads\/2023\/07\/KS518432078.28-1-800x600.jpg\" alt=\"\" width=\"800\" height=\"600\"><\/figure><\/div><div class=\"wpex-carousel-slide\"><figure class=\"wpex-carousel-entry-media entry-media wpex-relative\"><img data-no-lazy=\"1\" class=\"wpex-align-middle skip-lazy\" src=\"https:\/\/m2bswitches.eu\/wp-content\/uploads\/2023\/07\/KS3015613174.47-2-800x600.jpg\" alt=\"\" width=\"800\" height=\"600\"><\/figure><\/div><div class=\"wpex-carousel-slide\"><figure class=\"wpex-carousel-entry-media entry-media wpex-relative\"><img data-no-lazy=\"1\" class=\"wpex-align-middle skip-lazy\" src=\"https:\/\/m2bswitches.eu\/wp-content\/uploads\/2023\/07\/KS56912225.22-800x600.jpg\" alt=\"\" srcset=\"https:\/\/m2bswitches.eu\/wp-content\/uploads\/2023\/07\/KS56912225.22-800x600.jpg 800w, https:\/\/m2bswitches.eu\/wp-content\/uploads\/2023\/07\/KS56912225.22-300x225.jpg 300w, https:\/\/m2bswitches.eu\/wp-content\/uploads\/2023\/07\/KS56912225.22-1024x768.jpg 1024w, https:\/\/m2bswitches.eu\/wp-content\/uploads\/2023\/07\/KS56912225.22-768x576.jpg 768w, https:\/\/m2bswitches.eu\/wp-content\/uploads\/2023\/07\/KS56912225.22-600x450.jpg 600w, https:\/\/m2bswitches.eu\/wp-content\/uploads\/2023\/07\/KS56912225.22.jpg 1080w\" width=\"800\" height=\"600\"><\/figure><\/div><div class=\"wpex-carousel-slide\"><figure class=\"wpex-carousel-entry-media entry-media wpex-relative\"><img data-no-lazy=\"1\" class=\"wpex-align-middle skip-lazy\" src=\"https:\/\/m2bswitches.eu\/wp-content\/uploads\/2023\/07\/KS1932929948.19-800x600.jpg\" alt=\"\" srcset=\"https:\/\/m2bswitches.eu\/wp-content\/uploads\/2023\/07\/KS1932929948.19-800x600.jpg 800w, https:\/\/m2bswitches.eu\/wp-content\/uploads\/2023\/07\/KS1932929948.19-300x225.jpg 300w, https:\/\/m2bswitches.eu\/wp-content\/uploads\/2023\/07\/KS1932929948.19-1024x768.jpg 1024w, https:\/\/m2bswitches.eu\/wp-content\/uploads\/2023\/07\/KS1932929948.19-768x576.jpg 768w, https:\/\/m2bswitches.eu\/wp-content\/uploads\/2023\/07\/KS1932929948.19-600x450.jpg 600w, https:\/\/m2bswitches.eu\/wp-content\/uploads\/2023\/07\/KS1932929948.19.jpg 1080w\" width=\"800\" height=\"600\"><\/figure><\/div><div class=\"wpex-carousel-slide\"><figure class=\"wpex-carousel-entry-media entry-media wpex-relative\"><img data-no-lazy=\"1\" class=\"wpex-align-middle skip-lazy\" src=\"https:\/\/m2bswitches.eu\/wp-content\/uploads\/2023\/07\/KS518432078.29-800x600.jpg\" alt=\"\" width=\"800\" height=\"600\"><\/figure><\/div><div class=\"wpex-carousel-slide\"><figure class=\"wpex-carousel-entry-media entry-media wpex-relative\"><img data-no-lazy=\"1\" class=\"wpex-align-middle skip-lazy\" src=\"https:\/\/m2bswitches.eu\/wp-content\/uploads\/2023\/07\/KS518432078.28-800x600.jpg\" alt=\"\" width=\"800\" height=\"600\"><\/figure><\/div><div class=\"wpex-carousel-slide\"><figure class=\"wpex-carousel-entry-media entry-media wpex-relative\"><img data-no-lazy=\"1\" class=\"wpex-align-middle skip-lazy\" src=\"https:\/\/m2bswitches.eu\/wp-content\/uploads\/2023\/07\/RD-2-1-scaled-800x600.jpg\" alt=\"\" width=\"800\" height=\"600\"><\/figure><\/div><div class=\"wpex-carousel-slide\"><figure class=\"wpex-carousel-entry-media entry-media wpex-relative\"><img data-no-lazy=\"1\" class=\"wpex-align-middle skip-lazy\" src=\"https:\/\/m2bswitches.eu\/wp-content\/uploads\/2023\/07\/RD-scaled-800x600.jpg\" alt=\"\" width=\"800\" height=\"600\"><\/figure><\/div><div class=\"wpex-carousel-slide\"><figure class=\"wpex-carousel-entry-media entry-media wpex-relative\"><img data-no-lazy=\"1\" class=\"wpex-align-middle skip-lazy\" src=\"https:\/\/m2bswitches.eu\/wp-content\/uploads\/2023\/07\/RD-1-2-scaled-800x600.jpg\" alt=\"\" width=\"800\" height=\"600\"><\/figure><\/div><\/div>[\/vc_column][\/vc_row]\n<\/div>","protected":false},"excerpt":{"rendered":"<p>[vc_row full_width=&#8220;stretch_row_content_no_spaces&#8220; equal_height=&#8220;yes&#8220; remove_bottom_col_margin=&#8220;true&#8220;][vc_column width=&#8220;1\/2&#8243; css=&#8220;.vc_custom_1688056844934{background-image: url(https:\/\/m2bswitches.eu\/wp-content\/uploads\/2023\/06\/JORT9660-Canon-EOS-R7-RF-S18-150mm-F3.5-6.3-IS-STM-7.1-400-scaled.jpg?id=5206) !important;background-position: center !important;background-repeat: no-repeat !important;background-size: cover !important;}&#8220;][\/vc_column][vc_column width=&#8220;1\/2&#8243; css=&#8220;.vc_custom_1684747351307{padding-top: 5% !important;padding-right: 10% !important;padding-bottom: 5% !important;padding-left: 10% !important;background-color: #686868 !important;}&#8220;][vc_column_text color=&#8220;#ffffff&#8220;] R&amp;D Die Forschung, Gestaltung und Entwicklung neuer L\u00f6sungen ist einer der wichtigsten Punkte f\u00fcr M2B, da eines unserer Hauptziele darin besteht, praktische Antworten auf Marktbed\u00fcrfnisse zu geben. Wir&hellip;<\/p>\n","protected":false},"author":1,"featured_media":0,"parent":0,"menu_order":0,"comment_status":"closed","ping_status":"closed","template":"","meta":{"_acf_changed":false,"footnotes":""},"class_list":["post-1855","page","type-page","status-publish","hentry","entry","no-media"],"acf":[],"yoast_head":"<!-- This site is optimized with the Yoast SEO plugin v27.0 - https:\/\/yoast.com\/product\/yoast-seo-wordpress\/ -->\n<title>R&amp;D - m2b Switches<\/title>\n<meta name=\"robots\" content=\"index, follow, max-snippet:-1, max-image-preview:large, max-video-preview:-1\" \/>\n<link rel=\"canonical\" href=\"https:\/\/m2bswitches.eu\/de\/rd\/\" \/>\n<meta property=\"og:locale\" content=\"de_DE\" \/>\n<meta property=\"og:type\" content=\"article\" \/>\n<meta property=\"og:title\" content=\"R&amp;D - m2b Switches\" \/>\n<meta property=\"og:description\" content=\"[vc_row full_width=&#8220;stretch_row_content_no_spaces&#8220; equal_height=&#8220;yes&#8220; remove_bottom_col_margin=&#8220;true&#8220;][vc_column width=&#8220;1\/2&#8243; css=&#8220;.vc_custom_1688056844934{background-image: url(https:\/\/m2bswitches.eu\/wp-content\/uploads\/2023\/06\/JORT9660-Canon-EOS-R7-RF-S18-150mm-F3.5-6.3-IS-STM-7.1-400-scaled.jpg?id=5206) !important;background-position: center !important;background-repeat: no-repeat !important;background-size: cover !important;}&#8220;][\/vc_column][vc_column width=&#8220;1\/2&#8243; css=&#8220;.vc_custom_1684747351307{padding-top: 5% !important;padding-right: 10% !important;padding-bottom: 5% !important;padding-left: 10% !important;background-color: #686868 !important;}&#8220;][vc_column_text color=&#8220;#ffffff&#8220;] R&amp;D Die Forschung, Gestaltung und Entwicklung neuer L\u00f6sungen ist einer der wichtigsten Punkte f\u00fcr M2B, da eines unserer Hauptziele darin besteht, praktische Antworten auf Marktbed\u00fcrfnisse zu geben. Wir&hellip;\" \/>\n<meta property=\"og:url\" content=\"https:\/\/m2bswitches.eu\/de\/rd\/\" \/>\n<meta property=\"og:site_name\" content=\"m2b Switches\" \/>\n<meta property=\"article:modified_time\" content=\"2023-07-12T20:46:19+00:00\" \/>\n<meta name=\"twitter:card\" content=\"summary_large_image\" \/>\n<meta name=\"twitter:site\" content=\"@m2btech\" \/>\n<meta name=\"twitter:label1\" content=\"Gesch\u00e4tzte Lesezeit\" \/>\n\t<meta name=\"twitter:data1\" content=\"1\u00a0Minute\" \/>\n<script type=\"application\/ld+json\" class=\"yoast-schema-graph\">{\"@context\":\"https:\/\/schema.org\",\"@graph\":[{\"@type\":\"WebPage\",\"@id\":\"https:\/\/m2bswitches.eu\/de\/rd\/\",\"url\":\"https:\/\/m2bswitches.eu\/de\/rd\/\",\"name\":\"R&D - m2b Switches\",\"isPartOf\":{\"@id\":\"https:\/\/m2bswitches.eu\/#website\"},\"datePublished\":\"2023-05-22T09:23:08+00:00\",\"dateModified\":\"2023-07-12T20:46:19+00:00\",\"breadcrumb\":{\"@id\":\"https:\/\/m2bswitches.eu\/de\/rd\/#breadcrumb\"},\"inLanguage\":\"de\",\"potentialAction\":[{\"@type\":\"ReadAction\",\"target\":[\"https:\/\/m2bswitches.eu\/de\/rd\/\"]}]},{\"@type\":\"BreadcrumbList\",\"@id\":\"https:\/\/m2bswitches.eu\/de\/rd\/#breadcrumb\",\"itemListElement\":[{\"@type\":\"ListItem\",\"position\":1,\"name\":\"Home\",\"item\":\"https:\/\/m2bswitches.eu\/de\/\"},{\"@type\":\"ListItem\",\"position\":2,\"name\":\"R&#038;D\"}]},{\"@type\":\"WebSite\",\"@id\":\"https:\/\/m2bswitches.eu\/#website\",\"url\":\"https:\/\/m2bswitches.eu\/\",\"name\":\"m2b Switches\",\"description\":\"Cetrex new project\",\"publisher\":{\"@id\":\"https:\/\/m2bswitches.eu\/#organization\"},\"potentialAction\":[{\"@type\":\"SearchAction\",\"target\":{\"@type\":\"EntryPoint\",\"urlTemplate\":\"https:\/\/m2bswitches.eu\/?s={search_term_string}\"},\"query-input\":{\"@type\":\"PropertyValueSpecification\",\"valueRequired\":true,\"valueName\":\"search_term_string\"}}],\"inLanguage\":\"de\"},{\"@type\":\"Organization\",\"@id\":\"https:\/\/m2bswitches.eu\/#organization\",\"name\":\"m2b Switches\",\"url\":\"https:\/\/m2bswitches.eu\/\",\"logo\":{\"@type\":\"ImageObject\",\"inLanguage\":\"de\",\"@id\":\"https:\/\/m2bswitches.eu\/#\/schema\/logo\/image\/\",\"url\":\"https:\/\/m2bswitches.eu\/wp-content\/uploads\/2023\/06\/logo-m2b.png\",\"contentUrl\":\"https:\/\/m2bswitches.eu\/wp-content\/uploads\/2023\/06\/logo-m2b.png\",\"width\":1115,\"height\":295,\"caption\":\"m2b Switches\"},\"image\":{\"@id\":\"https:\/\/m2bswitches.eu\/#\/schema\/logo\/image\/\"},\"sameAs\":[\"https:\/\/x.com\/m2btech\",\"https:\/\/www.linkedin.com\/company\/m2btechnologies\/?originalSubdomain=es\"]}]}<\/script>\n<!-- \/ Yoast SEO plugin. -->","yoast_head_json":{"title":"R&D - m2b Switches","robots":{"index":"index","follow":"follow","max-snippet":"max-snippet:-1","max-image-preview":"max-image-preview:large","max-video-preview":"max-video-preview:-1"},"canonical":"https:\/\/m2bswitches.eu\/de\/rd\/","og_locale":"de_DE","og_type":"article","og_title":"R&D - m2b Switches","og_description":"[vc_row full_width=&#8220;stretch_row_content_no_spaces&#8220; equal_height=&#8220;yes&#8220; remove_bottom_col_margin=&#8220;true&#8220;][vc_column width=&#8220;1\/2&#8243; css=&#8220;.vc_custom_1688056844934{background-image: url(https:\/\/m2bswitches.eu\/wp-content\/uploads\/2023\/06\/JORT9660-Canon-EOS-R7-RF-S18-150mm-F3.5-6.3-IS-STM-7.1-400-scaled.jpg?id=5206) !important;background-position: center !important;background-repeat: no-repeat !important;background-size: cover !important;}&#8220;][\/vc_column][vc_column width=&#8220;1\/2&#8243; css=&#8220;.vc_custom_1684747351307{padding-top: 5% !important;padding-right: 10% !important;padding-bottom: 5% !important;padding-left: 10% !important;background-color: #686868 !important;}&#8220;][vc_column_text color=&#8220;#ffffff&#8220;] R&amp;D Die Forschung, Gestaltung und Entwicklung neuer L\u00f6sungen ist einer der wichtigsten Punkte f\u00fcr M2B, da eines unserer Hauptziele darin besteht, praktische Antworten auf Marktbed\u00fcrfnisse zu geben. Wir&hellip;","og_url":"https:\/\/m2bswitches.eu\/de\/rd\/","og_site_name":"m2b Switches","article_modified_time":"2023-07-12T20:46:19+00:00","twitter_card":"summary_large_image","twitter_site":"@m2btech","twitter_misc":{"Gesch\u00e4tzte Lesezeit":"1\u00a0Minute"},"schema":{"@context":"https:\/\/schema.org","@graph":[{"@type":"WebPage","@id":"https:\/\/m2bswitches.eu\/de\/rd\/","url":"https:\/\/m2bswitches.eu\/de\/rd\/","name":"R&D - m2b Switches","isPartOf":{"@id":"https:\/\/m2bswitches.eu\/#website"},"datePublished":"2023-05-22T09:23:08+00:00","dateModified":"2023-07-12T20:46:19+00:00","breadcrumb":{"@id":"https:\/\/m2bswitches.eu\/de\/rd\/#breadcrumb"},"inLanguage":"de","potentialAction":[{"@type":"ReadAction","target":["https:\/\/m2bswitches.eu\/de\/rd\/"]}]},{"@type":"BreadcrumbList","@id":"https:\/\/m2bswitches.eu\/de\/rd\/#breadcrumb","itemListElement":[{"@type":"ListItem","position":1,"name":"Home","item":"https:\/\/m2bswitches.eu\/de\/"},{"@type":"ListItem","position":2,"name":"R&#038;D"}]},{"@type":"WebSite","@id":"https:\/\/m2bswitches.eu\/#website","url":"https:\/\/m2bswitches.eu\/","name":"m2b Switches","description":"Cetrex new project","publisher":{"@id":"https:\/\/m2bswitches.eu\/#organization"},"potentialAction":[{"@type":"SearchAction","target":{"@type":"EntryPoint","urlTemplate":"https:\/\/m2bswitches.eu\/?s={search_term_string}"},"query-input":{"@type":"PropertyValueSpecification","valueRequired":true,"valueName":"search_term_string"}}],"inLanguage":"de"},{"@type":"Organization","@id":"https:\/\/m2bswitches.eu\/#organization","name":"m2b Switches","url":"https:\/\/m2bswitches.eu\/","logo":{"@type":"ImageObject","inLanguage":"de","@id":"https:\/\/m2bswitches.eu\/#\/schema\/logo\/image\/","url":"https:\/\/m2bswitches.eu\/wp-content\/uploads\/2023\/06\/logo-m2b.png","contentUrl":"https:\/\/m2bswitches.eu\/wp-content\/uploads\/2023\/06\/logo-m2b.png","width":1115,"height":295,"caption":"m2b Switches"},"image":{"@id":"https:\/\/m2bswitches.eu\/#\/schema\/logo\/image\/"},"sameAs":["https:\/\/x.com\/m2btech","https:\/\/www.linkedin.com\/company\/m2btechnologies\/?originalSubdomain=es"]}]}},"_links":{"self":[{"href":"https:\/\/m2bswitches.eu\/de\/wp-json\/wp\/v2\/pages\/1855","targetHints":{"allow":["GET"]}}],"collection":[{"href":"https:\/\/m2bswitches.eu\/de\/wp-json\/wp\/v2\/pages"}],"about":[{"href":"https:\/\/m2bswitches.eu\/de\/wp-json\/wp\/v2\/types\/page"}],"author":[{"embeddable":true,"href":"https:\/\/m2bswitches.eu\/de\/wp-json\/wp\/v2\/users\/1"}],"replies":[{"embeddable":true,"href":"https:\/\/m2bswitches.eu\/de\/wp-json\/wp\/v2\/comments?post=1855"}],"version-history":[{"count":9,"href":"https:\/\/m2bswitches.eu\/de\/wp-json\/wp\/v2\/pages\/1855\/revisions"}],"predecessor-version":[{"id":6105,"href":"https:\/\/m2bswitches.eu\/de\/wp-json\/wp\/v2\/pages\/1855\/revisions\/6105"}],"wp:attachment":[{"href":"https:\/\/m2bswitches.eu\/de\/wp-json\/wp\/v2\/media?parent=1855"}],"curies":[{"name":"wp","href":"https:\/\/api.w.org\/{rel}","templated":true}]}}