{"id":1826,"date":"2023-05-22T09:19:05","date_gmt":"2023-05-22T09:19:05","guid":{"rendered":"https:\/\/m2bswitches.eu\/calidad\/"},"modified":"2024-12-21T08:11:06","modified_gmt":"2024-12-21T08:11:06","slug":"calidad","status":"publish","type":"page","link":"https:\/\/m2bswitches.eu\/fr\/calidad\/","title":{"rendered":"Qualit\u00e9"},"content":{"rendered":"<div class=\"wpb-content-wrapper\">[vc_row full_width=\u00a0\u00bbstretch_row_content_no_spaces\u00a0\u00bb equal_height=\u00a0\u00bbyes\u00a0\u00bb remove_bottom_col_margin=\u00a0\u00bbtrue\u00a0\u00bb][vc_column width=\u00a0\u00bb1\/2&Prime; video_bg=\u00a0\u00bbself_hosted\u00a0\u00bb css=\u00a0\u00bb.vc_custom_1687943261763{background-position: center !important;background-repeat: no-repeat !important;background-size: cover !important;}\u00a0\u00bb video_bg_mp4=\u00a0\u00bbhttps:\/\/m2bswitches.eu\/wp-content\/uploads\/2023\/06\/M2B-VIDEO-2.mp4&Prime;]<div class=\"vcex-spacing wpex-w-100 wpex-clear\" style=\"height:400px;\"><\/div>[\/vc_column][vc_column width=\u00a0\u00bb1\/2&Prime; css=\u00a0\u00bb.vc_custom_1684747133263{padding-top: 5% !important;padding-right: 10% !important;padding-bottom: 5% !important;padding-left: 10% !important;background-color: #ffda1f !important;}\u00a0\u00bb]<div class=\"vcex-spacing wpex-w-100 wpex-clear\" style=\"height:20px;\"><\/div>[vc_column_text]\n<h1>Garantie de qualit\u00e9<\/h1>\n<p>Tous nos produits passent des contr\u00f4les de qualit\u00e9 stricts pour assurer leur bon fonctionnement, non seulement m\u00e9canique mais aussi esth\u00e9tique et pour assurer la stabilit\u00e9 du produit pendant une longue p\u00e9riode. Pour cette raison, la grande majorit\u00e9 de nos produits sont certifi\u00e9s ENEC et UL.[\/vc_column_text]<div class=\"vcex-spacing wpex-w-100 wpex-clear\" style=\"height:20px;\"><\/div>[\/vc_column][\/vc_row][vc_row full_width=\u00a0\u00bbstretch_row_content_no_spaces\u00a0\u00bb content_placement=\u00a0\u00bbmiddle\u00a0\u00bb equal_height=\u00a0\u00bbyes\u00a0\u00bb remove_bottom_col_margin=\u00a0\u00bbtrue\u00a0\u00bb][vc_column width=\u00a0\u00bb1\/2&Prime; css=\u00a0\u00bb.vc_custom_1687943117470{padding-top: 5% !important;padding-right: 10% !important;padding-bottom: 5% !important;padding-left: 10% !important;background-color: #ffda1f !important;background-position: center !important;background-repeat: no-repeat !important;background-size: cover !important;}\u00a0\u00bb]<div class=\"vcex-spacing wpex-w-100 wpex-clear\" style=\"height:20px;\"><\/div>[vc_column_text]\n<div class=\"wpb_text_column wpb_content_element \">\n<div class=\"wpb_wrapper\">\n<p>Une fois les certifications obtenues, nous appliquons des syst\u00e8mes d\u2019autocontr\u00f4le et des audits de qualit\u00e9. Dans notre laboratoire d\u2019utilisation interne, nous disposons de machines d\u2019essai similaires \u00e0 celles utilis\u00e9es par <strong>SEMKO, TUV, VDE ou AENOR<\/strong>, et nous nous assurons que nos produits d\u00e9passent les normes <strong>ENEC.<\/strong> Notre service qualit\u00e9 peut ainsi garantir sa tra\u00e7abilit\u00e9 et ses cycles de vie.<\/p>\n<\/div>\n<\/div>\n[\/vc_column_text]<div class=\"vcex-spacing wpex-w-100 wpex-clear\" style=\"height:20px;\"><\/div>[vc_row_inner content_placement=\u00a0\u00bbmiddle\u00a0\u00bb][vc_column_inner el_class=\u00a0\u00bbpol-cal\u00a0\u00bb width=\u00a0\u00bb1\/2&Prime;]<style>.vcex-image.vcex_69f2b7cbf3917 .vcex-image-inner{max-width:180px;}<\/style><figure class=\"vcex-image vcex-module wpex-text-center vcex_69f2b7cbf3917\"><div class=\"vcex-image-inner wpex-relative wpex-inline-block\"><a href=\"https:\/\/m2bswitches.eu\/wp-content\/uploads\/2024\/12\/CERT_9001-2015_EN_2024-1.jpg\" class=\"wpex-lightbox\"><img width=\"1965\" height=\"725\" src=\"https:\/\/m2bswitches.eu\/wp-content\/uploads\/2024\/07\/LOGO-ISO-9001-2015-M2B-3.jpg\" class=\"vcex-image-img wpex-align-middle\" alt=\"\" loading=\"lazy\" decoding=\"async\" srcset=\"https:\/\/m2bswitches.eu\/wp-content\/uploads\/2024\/07\/LOGO-ISO-9001-2015-M2B-3.jpg 1965w, https:\/\/m2bswitches.eu\/wp-content\/uploads\/2024\/07\/LOGO-ISO-9001-2015-M2B-3-300x111.jpg 300w, https:\/\/m2bswitches.eu\/wp-content\/uploads\/2024\/07\/LOGO-ISO-9001-2015-M2B-3-1024x378.jpg 1024w, https:\/\/m2bswitches.eu\/wp-content\/uploads\/2024\/07\/LOGO-ISO-9001-2015-M2B-3-768x283.jpg 768w, https:\/\/m2bswitches.eu\/wp-content\/uploads\/2024\/07\/LOGO-ISO-9001-2015-M2B-3-1536x567.jpg 1536w, https:\/\/m2bswitches.eu\/wp-content\/uploads\/2024\/07\/LOGO-ISO-9001-2015-M2B-3-600x221.jpg 600w\" sizes=\"auto, (max-width: 1965px) 100vw, 1965px\" \/><\/a><\/div><\/figure>[\/vc_column_inner][vc_column_inner width=\u00a0\u00bb1\/2&Prime;]<a href=\"\/fr\/politique-de-qualite\/\" class=\"vcex-button theme-button align-left inline\" target=\"_blank\" rel=\"noopener noreferrer\"><span class=\"vcex-button-inner theme-button-inner wpex-flex wpex-flex-wrap wpex-items-center wpex-justify-center\">Politique de qualit\u00e9<\/span><\/a> [\/vc_column_inner][\/vc_row_inner][\/vc_column][vc_column width=\u00a0\u00bb1\/2&Prime; video_bg=\u00a0\u00bbself_hosted\u00a0\u00bb video_bg_mp4=\u00a0\u00bbhttps:\/\/m2bswitches.eu\/wp-content\/uploads\/2023\/06\/M2B-VIDEO-3.mp4&Prime;]<div class=\"vcex-spacing wpex-w-100 wpex-clear\" style=\"height:400px;\"><\/div>[\/vc_column][\/vc_row][vc_row full_width=\u00a0\u00bbstretch_row_content_no_spaces\u00a0\u00bb css=\u00a0\u00bb.vc_custom_1684745026062{padding-top: 5px !important;padding-bottom: 5px !important;}\u00a0\u00bb][vc_column]<div class=\"vcex-image-carousel wpex-carousel wpex-carousel-images wpex-clr vcex-module owl-carousel arrwstyle-default arrwpos-abs\" data-wpex-carousel=\"{&quot;autoplay&quot;:&quot;true&quot;,&quot;center&quot;:&quot;true&quot;,&quot;slideBy&quot;:1,&quot;margin&quot;:5,&quot;items&quot;:5,&quot;responsive&quot;:{&quot;0&quot;:{&quot;items&quot;:&quot;1&quot;},&quot;480&quot;:{&quot;items&quot;:&quot;2&quot;},&quot;768&quot;:{&quot;items&quot;:&quot;3&quot;},&quot;960&quot;:{&quot;items&quot;:5}},&quot;autoplayTimeout&quot;:1500}\"><div class=\"wpex-carousel-slide\"><figure class=\"wpex-carousel-entry-media entry-media wpex-relative\"><img data-no-lazy=\"1\" class=\"wpex-align-middle skip-lazy\" src=\"https:\/\/m2bswitches.eu\/wp-content\/uploads\/2023\/07\/key710.29-800x600.jpg\" alt=\"\" width=\"800\" height=\"600\"><\/figure><\/div><div class=\"wpex-carousel-slide\"><figure class=\"wpex-carousel-entry-media entry-media wpex-relative\"><img data-no-lazy=\"1\" class=\"wpex-align-middle skip-lazy\" src=\"https:\/\/m2bswitches.eu\/wp-content\/uploads\/2023\/07\/key441.31-800x600.jpg\" alt=\"\" width=\"800\" height=\"600\"><\/figure><\/div><div class=\"wpex-carousel-slide\"><figure class=\"wpex-carousel-entry-media entry-media wpex-relative\"><img data-no-lazy=\"1\" class=\"wpex-align-middle skip-lazy\" src=\"https:\/\/m2bswitches.eu\/wp-content\/uploads\/2023\/07\/key332.27-800x600.jpg\" alt=\"\" width=\"800\" height=\"600\"><\/figure><\/div><div class=\"wpex-carousel-slide\"><figure class=\"wpex-carousel-entry-media entry-media wpex-relative\"><img data-no-lazy=\"1\" class=\"wpex-align-middle skip-lazy\" src=\"https:\/\/m2bswitches.eu\/wp-content\/uploads\/2023\/07\/key807.22-800x600.jpg\" alt=\"\" width=\"800\" height=\"600\"><\/figure><\/div><div class=\"wpex-carousel-slide\"><figure class=\"wpex-carousel-entry-media entry-media wpex-relative\"><img data-no-lazy=\"1\" class=\"wpex-align-middle skip-lazy\" src=\"https:\/\/m2bswitches.eu\/wp-content\/uploads\/2023\/07\/KS4833713141.35-800x600.jpg\" alt=\"\" width=\"800\" height=\"600\"><\/figure><\/div><div class=\"wpex-carousel-slide\"><figure class=\"wpex-carousel-entry-media entry-media wpex-relative\"><img data-no-lazy=\"1\" class=\"wpex-align-middle skip-lazy\" src=\"https:\/\/m2bswitches.eu\/wp-content\/uploads\/2023\/07\/Qualitat-1-scaled-800x600.jpg\" alt=\"\" width=\"800\" height=\"600\"><\/figure><\/div><div class=\"wpex-carousel-slide\"><figure class=\"wpex-carousel-entry-media entry-media wpex-relative\"><img data-no-lazy=\"1\" class=\"wpex-align-middle skip-lazy\" src=\"https:\/\/m2bswitches.eu\/wp-content\/uploads\/2023\/06\/JORT9652-Canon-EOS-R7-RF-S18-150mm-F3.5-6.3-IS-STM-6.3-1600-scaled-800x600.jpg\" alt=\"\" width=\"800\" height=\"600\"><\/figure><\/div><div class=\"wpex-carousel-slide\"><figure class=\"wpex-carousel-entry-media entry-media wpex-relative\"><img data-no-lazy=\"1\" class=\"wpex-align-middle skip-lazy\" src=\"https:\/\/m2bswitches.eu\/wp-content\/uploads\/2023\/06\/JORT9644-Canon-EOS-R7-RF-S18-150mm-F3.5-6.3-IS-STM-6.3-1250-scaled-800x600.jpg\" alt=\"\" width=\"800\" height=\"600\"><\/figure><\/div><\/div>[\/vc_column][\/vc_row]\n<\/div>","protected":false},"excerpt":{"rendered":"<p>[vc_row full_width=\u00a0\u00bbstretch_row_content_no_spaces\u00a0\u00bb equal_height=\u00a0\u00bbyes\u00a0\u00bb remove_bottom_col_margin=\u00a0\u00bbtrue\u00a0\u00bb][vc_column width=\u00a0\u00bb1\/2&Prime; video_bg=\u00a0\u00bbself_hosted\u00a0\u00bb css=\u00a0\u00bb.vc_custom_1687943261763{background-position: center !important;background-repeat: no-repeat !important;background-size: cover !important;}\u00a0\u00bb video_bg_mp4=\u00a0\u00bbhttps:\/\/m2bswitches.eu\/wp-content\/uploads\/2023\/06\/M2B-VIDEO-2.mp4&Prime;][\/vc_column][vc_column width=\u00a0\u00bb1\/2&Prime; css=\u00a0\u00bb.vc_custom_1684747133263{padding-top: 5% !important;padding-right: 10% !important;padding-bottom: 5% !important;padding-left: 10% !important;background-color: #ffda1f !important;}\u00a0\u00bb][vc_column_text] Garantie de qualit\u00e9 Tous nos produits passent des contr\u00f4les de qualit\u00e9 stricts pour assurer leur bon fonctionnement, non seulement m\u00e9canique mais aussi esth\u00e9tique et pour assurer la stabilit\u00e9 du&hellip;<\/p>\n","protected":false},"author":1,"featured_media":0,"parent":0,"menu_order":0,"comment_status":"closed","ping_status":"closed","template":"","meta":{"_acf_changed":false,"footnotes":""},"class_list":["post-1826","page","type-page","status-publish","hentry","entry","no-media"],"acf":[],"yoast_head":"<!-- This site is optimized with the Yoast SEO plugin v27.0 - https:\/\/yoast.com\/product\/yoast-seo-wordpress\/ -->\n<title>Qualit\u00e9 - m2b Switches<\/title>\n<meta name=\"robots\" content=\"index, follow, max-snippet:-1, max-image-preview:large, max-video-preview:-1\" \/>\n<link rel=\"canonical\" href=\"https:\/\/m2bswitches.eu\/fr\/calidad\/\" \/>\n<meta property=\"og:locale\" content=\"fr_FR\" \/>\n<meta property=\"og:type\" content=\"article\" \/>\n<meta property=\"og:title\" content=\"Qualit\u00e9 - m2b Switches\" \/>\n<meta property=\"og:description\" content=\"[vc_row full_width=\u00a0\u00bbstretch_row_content_no_spaces\u00a0\u00bb equal_height=\u00a0\u00bbyes\u00a0\u00bb remove_bottom_col_margin=\u00a0\u00bbtrue\u00a0\u00bb][vc_column width=\u00a0\u00bb1\/2&Prime; video_bg=\u00a0\u00bbself_hosted\u00a0\u00bb css=\u00a0\u00bb.vc_custom_1687943261763{background-position: center !important;background-repeat: no-repeat !important;background-size: cover !important;}\u00a0\u00bb video_bg_mp4=\u00a0\u00bbhttps:\/\/m2bswitches.eu\/wp-content\/uploads\/2023\/06\/M2B-VIDEO-2.mp4&Prime;][\/vc_column][vc_column width=\u00a0\u00bb1\/2&Prime; css=\u00a0\u00bb.vc_custom_1684747133263{padding-top: 5% !important;padding-right: 10% !important;padding-bottom: 5% !important;padding-left: 10% !important;background-color: #ffda1f !important;}\u00a0\u00bb][vc_column_text] Garantie de qualit\u00e9 Tous nos produits passent des contr\u00f4les de qualit\u00e9 stricts pour assurer leur bon fonctionnement, non seulement m\u00e9canique mais aussi esth\u00e9tique et pour assurer la stabilit\u00e9 du&hellip;\" \/>\n<meta property=\"og:url\" content=\"https:\/\/m2bswitches.eu\/fr\/calidad\/\" \/>\n<meta property=\"og:site_name\" content=\"m2b Switches\" \/>\n<meta property=\"article:modified_time\" content=\"2024-12-21T08:11:06+00:00\" \/>\n<meta name=\"twitter:card\" content=\"summary_large_image\" \/>\n<meta name=\"twitter:site\" content=\"@m2btech\" \/>\n<meta name=\"twitter:label1\" content=\"Dur\u00e9e de lecture estim\u00e9e\" \/>\n\t<meta name=\"twitter:data1\" content=\"1 minute\" \/>\n<script type=\"application\/ld+json\" class=\"yoast-schema-graph\">{\"@context\":\"https:\/\/schema.org\",\"@graph\":[{\"@type\":\"WebPage\",\"@id\":\"https:\/\/m2bswitches.eu\/fr\/calidad\/\",\"url\":\"https:\/\/m2bswitches.eu\/fr\/calidad\/\",\"name\":\"Qualit\u00e9 - m2b Switches\",\"isPartOf\":{\"@id\":\"https:\/\/m2bswitches.eu\/#website\"},\"datePublished\":\"2023-05-22T09:19:05+00:00\",\"dateModified\":\"2024-12-21T08:11:06+00:00\",\"breadcrumb\":{\"@id\":\"https:\/\/m2bswitches.eu\/fr\/calidad\/#breadcrumb\"},\"inLanguage\":\"fr-FR\",\"potentialAction\":[{\"@type\":\"ReadAction\",\"target\":[\"https:\/\/m2bswitches.eu\/fr\/calidad\/\"]}]},{\"@type\":\"BreadcrumbList\",\"@id\":\"https:\/\/m2bswitches.eu\/fr\/calidad\/#breadcrumb\",\"itemListElement\":[{\"@type\":\"ListItem\",\"position\":1,\"name\":\"Home\",\"item\":\"https:\/\/m2bswitches.eu\/fr\/\"},{\"@type\":\"ListItem\",\"position\":2,\"name\":\"Qualit\u00e9\"}]},{\"@type\":\"WebSite\",\"@id\":\"https:\/\/m2bswitches.eu\/#website\",\"url\":\"https:\/\/m2bswitches.eu\/\",\"name\":\"m2b Switches\",\"description\":\"Cetrex new project\",\"publisher\":{\"@id\":\"https:\/\/m2bswitches.eu\/#organization\"},\"potentialAction\":[{\"@type\":\"SearchAction\",\"target\":{\"@type\":\"EntryPoint\",\"urlTemplate\":\"https:\/\/m2bswitches.eu\/?s={search_term_string}\"},\"query-input\":{\"@type\":\"PropertyValueSpecification\",\"valueRequired\":true,\"valueName\":\"search_term_string\"}}],\"inLanguage\":\"fr-FR\"},{\"@type\":\"Organization\",\"@id\":\"https:\/\/m2bswitches.eu\/#organization\",\"name\":\"m2b Switches\",\"url\":\"https:\/\/m2bswitches.eu\/\",\"logo\":{\"@type\":\"ImageObject\",\"inLanguage\":\"fr-FR\",\"@id\":\"https:\/\/m2bswitches.eu\/#\/schema\/logo\/image\/\",\"url\":\"https:\/\/m2bswitches.eu\/wp-content\/uploads\/2023\/06\/logo-m2b.png\",\"contentUrl\":\"https:\/\/m2bswitches.eu\/wp-content\/uploads\/2023\/06\/logo-m2b.png\",\"width\":1115,\"height\":295,\"caption\":\"m2b Switches\"},\"image\":{\"@id\":\"https:\/\/m2bswitches.eu\/#\/schema\/logo\/image\/\"},\"sameAs\":[\"https:\/\/x.com\/m2btech\",\"https:\/\/www.linkedin.com\/company\/m2btechnologies\/?originalSubdomain=es\"]}]}<\/script>\n<!-- \/ Yoast SEO plugin. -->","yoast_head_json":{"title":"Qualit\u00e9 - m2b Switches","robots":{"index":"index","follow":"follow","max-snippet":"max-snippet:-1","max-image-preview":"max-image-preview:large","max-video-preview":"max-video-preview:-1"},"canonical":"https:\/\/m2bswitches.eu\/fr\/calidad\/","og_locale":"fr_FR","og_type":"article","og_title":"Qualit\u00e9 - m2b Switches","og_description":"[vc_row full_width=\u00a0\u00bbstretch_row_content_no_spaces\u00a0\u00bb equal_height=\u00a0\u00bbyes\u00a0\u00bb remove_bottom_col_margin=\u00a0\u00bbtrue\u00a0\u00bb][vc_column width=\u00a0\u00bb1\/2&Prime; video_bg=\u00a0\u00bbself_hosted\u00a0\u00bb css=\u00a0\u00bb.vc_custom_1687943261763{background-position: center !important;background-repeat: no-repeat !important;background-size: cover !important;}\u00a0\u00bb video_bg_mp4=\u00a0\u00bbhttps:\/\/m2bswitches.eu\/wp-content\/uploads\/2023\/06\/M2B-VIDEO-2.mp4&Prime;][\/vc_column][vc_column width=\u00a0\u00bb1\/2&Prime; css=\u00a0\u00bb.vc_custom_1684747133263{padding-top: 5% !important;padding-right: 10% !important;padding-bottom: 5% !important;padding-left: 10% !important;background-color: #ffda1f !important;}\u00a0\u00bb][vc_column_text] Garantie de qualit\u00e9 Tous nos produits passent des contr\u00f4les de qualit\u00e9 stricts pour assurer leur bon fonctionnement, non seulement m\u00e9canique mais aussi esth\u00e9tique et pour assurer la stabilit\u00e9 du&hellip;","og_url":"https:\/\/m2bswitches.eu\/fr\/calidad\/","og_site_name":"m2b Switches","article_modified_time":"2024-12-21T08:11:06+00:00","twitter_card":"summary_large_image","twitter_site":"@m2btech","twitter_misc":{"Dur\u00e9e de lecture estim\u00e9e":"1 minute"},"schema":{"@context":"https:\/\/schema.org","@graph":[{"@type":"WebPage","@id":"https:\/\/m2bswitches.eu\/fr\/calidad\/","url":"https:\/\/m2bswitches.eu\/fr\/calidad\/","name":"Qualit\u00e9 - m2b Switches","isPartOf":{"@id":"https:\/\/m2bswitches.eu\/#website"},"datePublished":"2023-05-22T09:19:05+00:00","dateModified":"2024-12-21T08:11:06+00:00","breadcrumb":{"@id":"https:\/\/m2bswitches.eu\/fr\/calidad\/#breadcrumb"},"inLanguage":"fr-FR","potentialAction":[{"@type":"ReadAction","target":["https:\/\/m2bswitches.eu\/fr\/calidad\/"]}]},{"@type":"BreadcrumbList","@id":"https:\/\/m2bswitches.eu\/fr\/calidad\/#breadcrumb","itemListElement":[{"@type":"ListItem","position":1,"name":"Home","item":"https:\/\/m2bswitches.eu\/fr\/"},{"@type":"ListItem","position":2,"name":"Qualit\u00e9"}]},{"@type":"WebSite","@id":"https:\/\/m2bswitches.eu\/#website","url":"https:\/\/m2bswitches.eu\/","name":"m2b Switches","description":"Cetrex new project","publisher":{"@id":"https:\/\/m2bswitches.eu\/#organization"},"potentialAction":[{"@type":"SearchAction","target":{"@type":"EntryPoint","urlTemplate":"https:\/\/m2bswitches.eu\/?s={search_term_string}"},"query-input":{"@type":"PropertyValueSpecification","valueRequired":true,"valueName":"search_term_string"}}],"inLanguage":"fr-FR"},{"@type":"Organization","@id":"https:\/\/m2bswitches.eu\/#organization","name":"m2b Switches","url":"https:\/\/m2bswitches.eu\/","logo":{"@type":"ImageObject","inLanguage":"fr-FR","@id":"https:\/\/m2bswitches.eu\/#\/schema\/logo\/image\/","url":"https:\/\/m2bswitches.eu\/wp-content\/uploads\/2023\/06\/logo-m2b.png","contentUrl":"https:\/\/m2bswitches.eu\/wp-content\/uploads\/2023\/06\/logo-m2b.png","width":1115,"height":295,"caption":"m2b Switches"},"image":{"@id":"https:\/\/m2bswitches.eu\/#\/schema\/logo\/image\/"},"sameAs":["https:\/\/x.com\/m2btech","https:\/\/www.linkedin.com\/company\/m2btechnologies\/?originalSubdomain=es"]}]}},"_links":{"self":[{"href":"https:\/\/m2bswitches.eu\/fr\/wp-json\/wp\/v2\/pages\/1826","targetHints":{"allow":["GET"]}}],"collection":[{"href":"https:\/\/m2bswitches.eu\/fr\/wp-json\/wp\/v2\/pages"}],"about":[{"href":"https:\/\/m2bswitches.eu\/fr\/wp-json\/wp\/v2\/types\/page"}],"author":[{"embeddable":true,"href":"https:\/\/m2bswitches.eu\/fr\/wp-json\/wp\/v2\/users\/1"}],"replies":[{"embeddable":true,"href":"https:\/\/m2bswitches.eu\/fr\/wp-json\/wp\/v2\/comments?post=1826"}],"version-history":[{"count":15,"href":"https:\/\/m2bswitches.eu\/fr\/wp-json\/wp\/v2\/pages\/1826\/revisions"}],"predecessor-version":[{"id":11680,"href":"https:\/\/m2bswitches.eu\/fr\/wp-json\/wp\/v2\/pages\/1826\/revisions\/11680"}],"wp:attachment":[{"href":"https:\/\/m2bswitches.eu\/fr\/wp-json\/wp\/v2\/media?parent=1826"}],"curies":[{"name":"wp","href":"https:\/\/api.w.org\/{rel}","templated":true}]}}