{"id":1854,"date":"2023-05-22T09:23:08","date_gmt":"2023-05-22T09:23:08","guid":{"rendered":"https:\/\/m2bswitches.eu\/rd\/"},"modified":"2023-07-12T20:19:43","modified_gmt":"2023-07-12T20:19:43","slug":"rd","status":"publish","type":"page","link":"https:\/\/m2bswitches.eu\/fr\/rd\/","title":{"rendered":"R&#038;D"},"content":{"rendered":"<div class=\"wpb-content-wrapper\">[vc_row full_width=\u00a0\u00bbstretch_row_content_no_spaces\u00a0\u00bb equal_height=\u00a0\u00bbyes\u00a0\u00bb remove_bottom_col_margin=\u00a0\u00bbtrue\u00a0\u00bb][vc_column width=\u00a0\u00bb1\/2&Prime; css=\u00a0\u00bb.vc_custom_1688057219708{background-image: url(https:\/\/m2bswitches.eu\/wp-content\/uploads\/2023\/06\/JORT9660-Canon-EOS-R7-RF-S18-150mm-F3.5-6.3-IS-STM-7.1-400-scaled.jpg?id=5205) !important;background-position: center !important;background-repeat: no-repeat !important;background-size: cover !important;}\u00a0\u00bb]<div class=\"vcex-spacing wpex-w-100 wpex-clear\" style=\"height:400px;\"><\/div>[\/vc_column][vc_column width=\u00a0\u00bb1\/2&Prime; css=\u00a0\u00bb.vc_custom_1684747351307{padding-top: 5% !important;padding-right: 10% !important;padding-bottom: 5% !important;padding-left: 10% !important;background-color: #686868 !important;}\u00a0\u00bb]<div class=\"vcex-spacing wpex-w-100 wpex-clear\" style=\"height:20px;\"><\/div>[vc_column_text color=\u00a0\u00bb#ffffff\u00a0\u00bb]\n<h1>R&amp;D<\/h1>\n<p>La recherche, la conception et le d\u00e9veloppement de nouvelles solutions est l&rsquo;un des points les plus importants pour M2B puisque l&rsquo;un de nos principaux objectifs est de donner des r\u00e9ponses pratiques aux besoins du march\u00e9.<\/p>\n<p>Nous avons notre propre d\u00e9partement d&rsquo;ing\u00e9nierie o\u00f9 connaissances, exp\u00e9rience, capacit\u00e9, innovation et cr\u00e9ativit\u00e9 se conjuguent pour cr\u00e9er les conceptions les plus exclusives et personnalis\u00e9es, en tenant compte des besoins sp\u00e9cifiques de chaque client.<\/p>\n<p>Disposer de la derni\u00e8re technologie <strong>Cad-Cam et des imprimantes 3D<\/strong> nous permet de travailler tr\u00e8s rapidement sur des prototypes en st\u00e9r\u00e9olithographie.[\/vc_column_text]<div class=\"vcex-spacing wpex-w-100 wpex-clear\" style=\"height:20px;\"><\/div>[\/vc_column][\/vc_row][vc_row full_width=\u00a0\u00bbstretch_row_content_no_spaces\u00a0\u00bb css=\u00a0\u00bb.vc_custom_1684745026062{padding-top: 5px !important;padding-bottom: 5px !important;}\u00a0\u00bb][vc_column]<div class=\"vcex-image-carousel wpex-carousel wpex-carousel-images wpex-clr vcex-module owl-carousel arrwstyle-default arrwpos-abs\" data-wpex-carousel=\"{&quot;autoplay&quot;:&quot;true&quot;,&quot;center&quot;:&quot;true&quot;,&quot;slideBy&quot;:1,&quot;margin&quot;:5,&quot;items&quot;:5,&quot;responsive&quot;:{&quot;0&quot;:{&quot;items&quot;:&quot;1&quot;},&quot;480&quot;:{&quot;items&quot;:&quot;2&quot;},&quot;768&quot;:{&quot;items&quot;:&quot;3&quot;},&quot;960&quot;:{&quot;items&quot;:5}},&quot;autoplayTimeout&quot;:1500}\"><div class=\"wpex-carousel-slide\"><figure class=\"wpex-carousel-entry-media entry-media wpex-relative\"><img data-no-lazy=\"1\" class=\"wpex-align-middle skip-lazy\" src=\"https:\/\/m2bswitches.eu\/wp-content\/uploads\/2023\/07\/key346.9-800x600.jpg\" alt=\"\" width=\"800\" height=\"600\"><\/figure><\/div><div class=\"wpex-carousel-slide\"><figure class=\"wpex-carousel-entry-media entry-media wpex-relative\"><img data-no-lazy=\"1\" class=\"wpex-align-middle skip-lazy\" src=\"https:\/\/m2bswitches.eu\/wp-content\/uploads\/2023\/07\/key983.108-800x600.jpg\" alt=\"\" width=\"800\" height=\"600\"><\/figure><\/div><div class=\"wpex-carousel-slide\"><figure class=\"wpex-carousel-entry-media entry-media wpex-relative\"><img data-no-lazy=\"1\" class=\"wpex-align-middle skip-lazy\" src=\"https:\/\/m2bswitches.eu\/wp-content\/uploads\/2023\/07\/KS3015613174.49-800x600.jpg\" alt=\"\" width=\"800\" height=\"600\"><\/figure><\/div><div class=\"wpex-carousel-slide\"><figure class=\"wpex-carousel-entry-media entry-media wpex-relative\"><img data-no-lazy=\"1\" class=\"wpex-align-middle skip-lazy\" src=\"https:\/\/m2bswitches.eu\/wp-content\/uploads\/2023\/07\/KS3015613174.47-1-800x600.jpg\" alt=\"\" width=\"800\" height=\"600\"><\/figure><\/div><div class=\"wpex-carousel-slide\"><figure class=\"wpex-carousel-entry-media entry-media wpex-relative\"><img data-no-lazy=\"1\" class=\"wpex-align-middle skip-lazy\" src=\"https:\/\/m2bswitches.eu\/wp-content\/uploads\/2023\/07\/KS56912225.22-800x600.jpg\" alt=\"\" srcset=\"https:\/\/m2bswitches.eu\/wp-content\/uploads\/2023\/07\/KS56912225.22-800x600.jpg 800w, https:\/\/m2bswitches.eu\/wp-content\/uploads\/2023\/07\/KS56912225.22-300x225.jpg 300w, https:\/\/m2bswitches.eu\/wp-content\/uploads\/2023\/07\/KS56912225.22-1024x768.jpg 1024w, https:\/\/m2bswitches.eu\/wp-content\/uploads\/2023\/07\/KS56912225.22-768x576.jpg 768w, https:\/\/m2bswitches.eu\/wp-content\/uploads\/2023\/07\/KS56912225.22-600x450.jpg 600w, https:\/\/m2bswitches.eu\/wp-content\/uploads\/2023\/07\/KS56912225.22.jpg 1080w\" width=\"800\" height=\"600\"><\/figure><\/div><div class=\"wpex-carousel-slide\"><figure class=\"wpex-carousel-entry-media entry-media wpex-relative\"><img data-no-lazy=\"1\" class=\"wpex-align-middle skip-lazy\" src=\"https:\/\/m2bswitches.eu\/wp-content\/uploads\/2023\/07\/KS1932929948.19-800x600.jpg\" alt=\"\" srcset=\"https:\/\/m2bswitches.eu\/wp-content\/uploads\/2023\/07\/KS1932929948.19-800x600.jpg 800w, https:\/\/m2bswitches.eu\/wp-content\/uploads\/2023\/07\/KS1932929948.19-300x225.jpg 300w, https:\/\/m2bswitches.eu\/wp-content\/uploads\/2023\/07\/KS1932929948.19-1024x768.jpg 1024w, https:\/\/m2bswitches.eu\/wp-content\/uploads\/2023\/07\/KS1932929948.19-768x576.jpg 768w, https:\/\/m2bswitches.eu\/wp-content\/uploads\/2023\/07\/KS1932929948.19-600x450.jpg 600w, https:\/\/m2bswitches.eu\/wp-content\/uploads\/2023\/07\/KS1932929948.19.jpg 1080w\" width=\"800\" height=\"600\"><\/figure><\/div><div class=\"wpex-carousel-slide\"><figure class=\"wpex-carousel-entry-media entry-media wpex-relative\"><img data-no-lazy=\"1\" class=\"wpex-align-middle skip-lazy\" src=\"https:\/\/m2bswitches.eu\/wp-content\/uploads\/2023\/07\/KS518432078.29-800x600.jpg\" alt=\"\" width=\"800\" height=\"600\"><\/figure><\/div><div class=\"wpex-carousel-slide\"><figure class=\"wpex-carousel-entry-media entry-media wpex-relative\"><img data-no-lazy=\"1\" class=\"wpex-align-middle skip-lazy\" src=\"https:\/\/m2bswitches.eu\/wp-content\/uploads\/2023\/07\/KS518432078.28-800x600.jpg\" alt=\"\" width=\"800\" height=\"600\"><\/figure><\/div><div class=\"wpex-carousel-slide\"><figure class=\"wpex-carousel-entry-media entry-media wpex-relative\"><img data-no-lazy=\"1\" class=\"wpex-align-middle skip-lazy\" src=\"https:\/\/m2bswitches.eu\/wp-content\/uploads\/2023\/07\/RD-2-1-scaled-800x600.jpg\" alt=\"\" width=\"800\" height=\"600\"><\/figure><\/div><div class=\"wpex-carousel-slide\"><figure class=\"wpex-carousel-entry-media entry-media wpex-relative\"><img data-no-lazy=\"1\" class=\"wpex-align-middle skip-lazy\" src=\"https:\/\/m2bswitches.eu\/wp-content\/uploads\/2023\/07\/RD-scaled-800x600.jpg\" alt=\"\" width=\"800\" height=\"600\"><\/figure><\/div><div class=\"wpex-carousel-slide\"><figure class=\"wpex-carousel-entry-media entry-media wpex-relative\"><img data-no-lazy=\"1\" class=\"wpex-align-middle skip-lazy\" src=\"https:\/\/m2bswitches.eu\/wp-content\/uploads\/2023\/07\/RD-1-scaled-800x600.jpg\" alt=\"\" width=\"800\" height=\"600\"><\/figure><\/div><\/div>[\/vc_column][\/vc_row]\n<\/div>","protected":false},"excerpt":{"rendered":"<p>[vc_row full_width=\u00a0\u00bbstretch_row_content_no_spaces\u00a0\u00bb equal_height=\u00a0\u00bbyes\u00a0\u00bb remove_bottom_col_margin=\u00a0\u00bbtrue\u00a0\u00bb][vc_column width=\u00a0\u00bb1\/2&Prime; css=\u00a0\u00bb.vc_custom_1688057219708{background-image: url(https:\/\/m2bswitches.eu\/wp-content\/uploads\/2023\/06\/JORT9660-Canon-EOS-R7-RF-S18-150mm-F3.5-6.3-IS-STM-7.1-400-scaled.jpg?id=5205) !important;background-position: center !important;background-repeat: no-repeat !important;background-size: cover !important;}\u00a0\u00bb][\/vc_column][vc_column width=\u00a0\u00bb1\/2&Prime; css=\u00a0\u00bb.vc_custom_1684747351307{padding-top: 5% !important;padding-right: 10% !important;padding-bottom: 5% !important;padding-left: 10% !important;background-color: #686868 !important;}\u00a0\u00bb][vc_column_text color=\u00a0\u00bb#ffffff\u00a0\u00bb] R&amp;D La recherche, la conception et le d\u00e9veloppement de nouvelles solutions est l&rsquo;un des points les plus importants pour M2B puisque l&rsquo;un de nos principaux objectifs est de&hellip;<\/p>\n","protected":false},"author":1,"featured_media":0,"parent":0,"menu_order":0,"comment_status":"closed","ping_status":"closed","template":"","meta":{"_acf_changed":false,"footnotes":""},"class_list":["post-1854","page","type-page","status-publish","hentry","entry","no-media"],"acf":[],"yoast_head":"<!-- This site is optimized with the Yoast SEO plugin v27.0 - https:\/\/yoast.com\/product\/yoast-seo-wordpress\/ -->\n<title>R&amp;D - m2b Switches<\/title>\n<meta name=\"robots\" content=\"index, follow, max-snippet:-1, max-image-preview:large, max-video-preview:-1\" \/>\n<link rel=\"canonical\" href=\"https:\/\/m2bswitches.eu\/fr\/rd\/\" \/>\n<meta property=\"og:locale\" content=\"fr_FR\" \/>\n<meta property=\"og:type\" content=\"article\" \/>\n<meta property=\"og:title\" content=\"R&amp;D - m2b Switches\" \/>\n<meta property=\"og:description\" content=\"[vc_row full_width=\u00a0\u00bbstretch_row_content_no_spaces\u00a0\u00bb equal_height=\u00a0\u00bbyes\u00a0\u00bb remove_bottom_col_margin=\u00a0\u00bbtrue\u00a0\u00bb][vc_column width=\u00a0\u00bb1\/2&Prime; css=\u00a0\u00bb.vc_custom_1688057219708{background-image: url(https:\/\/m2bswitches.eu\/wp-content\/uploads\/2023\/06\/JORT9660-Canon-EOS-R7-RF-S18-150mm-F3.5-6.3-IS-STM-7.1-400-scaled.jpg?id=5205) !important;background-position: center !important;background-repeat: no-repeat !important;background-size: cover !important;}\u00a0\u00bb][\/vc_column][vc_column width=\u00a0\u00bb1\/2&Prime; css=\u00a0\u00bb.vc_custom_1684747351307{padding-top: 5% !important;padding-right: 10% !important;padding-bottom: 5% !important;padding-left: 10% !important;background-color: #686868 !important;}\u00a0\u00bb][vc_column_text color=\u00a0\u00bb#ffffff\u00a0\u00bb] R&amp;D La recherche, la conception et le d\u00e9veloppement de nouvelles solutions est l&rsquo;un des points les plus importants pour M2B puisque l&rsquo;un de nos principaux objectifs est de&hellip;\" \/>\n<meta property=\"og:url\" content=\"https:\/\/m2bswitches.eu\/fr\/rd\/\" \/>\n<meta property=\"og:site_name\" content=\"m2b Switches\" \/>\n<meta property=\"article:modified_time\" content=\"2023-07-12T20:19:43+00:00\" \/>\n<meta name=\"twitter:card\" content=\"summary_large_image\" \/>\n<meta name=\"twitter:site\" content=\"@m2btech\" \/>\n<meta name=\"twitter:label1\" content=\"Dur\u00e9e de lecture estim\u00e9e\" \/>\n\t<meta name=\"twitter:data1\" content=\"1 minute\" \/>\n<script type=\"application\/ld+json\" class=\"yoast-schema-graph\">{\"@context\":\"https:\/\/schema.org\",\"@graph\":[{\"@type\":\"WebPage\",\"@id\":\"https:\/\/m2bswitches.eu\/fr\/rd\/\",\"url\":\"https:\/\/m2bswitches.eu\/fr\/rd\/\",\"name\":\"R&D - m2b Switches\",\"isPartOf\":{\"@id\":\"https:\/\/m2bswitches.eu\/#website\"},\"datePublished\":\"2023-05-22T09:23:08+00:00\",\"dateModified\":\"2023-07-12T20:19:43+00:00\",\"breadcrumb\":{\"@id\":\"https:\/\/m2bswitches.eu\/fr\/rd\/#breadcrumb\"},\"inLanguage\":\"fr-FR\",\"potentialAction\":[{\"@type\":\"ReadAction\",\"target\":[\"https:\/\/m2bswitches.eu\/fr\/rd\/\"]}]},{\"@type\":\"BreadcrumbList\",\"@id\":\"https:\/\/m2bswitches.eu\/fr\/rd\/#breadcrumb\",\"itemListElement\":[{\"@type\":\"ListItem\",\"position\":1,\"name\":\"Home\",\"item\":\"https:\/\/m2bswitches.eu\/fr\/\"},{\"@type\":\"ListItem\",\"position\":2,\"name\":\"R&#038;D\"}]},{\"@type\":\"WebSite\",\"@id\":\"https:\/\/m2bswitches.eu\/#website\",\"url\":\"https:\/\/m2bswitches.eu\/\",\"name\":\"m2b Switches\",\"description\":\"Cetrex new project\",\"publisher\":{\"@id\":\"https:\/\/m2bswitches.eu\/#organization\"},\"potentialAction\":[{\"@type\":\"SearchAction\",\"target\":{\"@type\":\"EntryPoint\",\"urlTemplate\":\"https:\/\/m2bswitches.eu\/?s={search_term_string}\"},\"query-input\":{\"@type\":\"PropertyValueSpecification\",\"valueRequired\":true,\"valueName\":\"search_term_string\"}}],\"inLanguage\":\"fr-FR\"},{\"@type\":\"Organization\",\"@id\":\"https:\/\/m2bswitches.eu\/#organization\",\"name\":\"m2b Switches\",\"url\":\"https:\/\/m2bswitches.eu\/\",\"logo\":{\"@type\":\"ImageObject\",\"inLanguage\":\"fr-FR\",\"@id\":\"https:\/\/m2bswitches.eu\/#\/schema\/logo\/image\/\",\"url\":\"https:\/\/m2bswitches.eu\/wp-content\/uploads\/2023\/06\/logo-m2b.png\",\"contentUrl\":\"https:\/\/m2bswitches.eu\/wp-content\/uploads\/2023\/06\/logo-m2b.png\",\"width\":1115,\"height\":295,\"caption\":\"m2b Switches\"},\"image\":{\"@id\":\"https:\/\/m2bswitches.eu\/#\/schema\/logo\/image\/\"},\"sameAs\":[\"https:\/\/x.com\/m2btech\",\"https:\/\/www.linkedin.com\/company\/m2btechnologies\/?originalSubdomain=es\"]}]}<\/script>\n<!-- \/ Yoast SEO plugin. -->","yoast_head_json":{"title":"R&D - m2b Switches","robots":{"index":"index","follow":"follow","max-snippet":"max-snippet:-1","max-image-preview":"max-image-preview:large","max-video-preview":"max-video-preview:-1"},"canonical":"https:\/\/m2bswitches.eu\/fr\/rd\/","og_locale":"fr_FR","og_type":"article","og_title":"R&D - m2b Switches","og_description":"[vc_row full_width=\u00a0\u00bbstretch_row_content_no_spaces\u00a0\u00bb equal_height=\u00a0\u00bbyes\u00a0\u00bb remove_bottom_col_margin=\u00a0\u00bbtrue\u00a0\u00bb][vc_column width=\u00a0\u00bb1\/2&Prime; css=\u00a0\u00bb.vc_custom_1688057219708{background-image: url(https:\/\/m2bswitches.eu\/wp-content\/uploads\/2023\/06\/JORT9660-Canon-EOS-R7-RF-S18-150mm-F3.5-6.3-IS-STM-7.1-400-scaled.jpg?id=5205) !important;background-position: center !important;background-repeat: no-repeat !important;background-size: cover !important;}\u00a0\u00bb][\/vc_column][vc_column width=\u00a0\u00bb1\/2&Prime; css=\u00a0\u00bb.vc_custom_1684747351307{padding-top: 5% !important;padding-right: 10% !important;padding-bottom: 5% !important;padding-left: 10% !important;background-color: #686868 !important;}\u00a0\u00bb][vc_column_text color=\u00a0\u00bb#ffffff\u00a0\u00bb] R&amp;D La recherche, la conception et le d\u00e9veloppement de nouvelles solutions est l&rsquo;un des points les plus importants pour M2B puisque l&rsquo;un de nos principaux objectifs est de&hellip;","og_url":"https:\/\/m2bswitches.eu\/fr\/rd\/","og_site_name":"m2b Switches","article_modified_time":"2023-07-12T20:19:43+00:00","twitter_card":"summary_large_image","twitter_site":"@m2btech","twitter_misc":{"Dur\u00e9e de lecture estim\u00e9e":"1 minute"},"schema":{"@context":"https:\/\/schema.org","@graph":[{"@type":"WebPage","@id":"https:\/\/m2bswitches.eu\/fr\/rd\/","url":"https:\/\/m2bswitches.eu\/fr\/rd\/","name":"R&D - m2b Switches","isPartOf":{"@id":"https:\/\/m2bswitches.eu\/#website"},"datePublished":"2023-05-22T09:23:08+00:00","dateModified":"2023-07-12T20:19:43+00:00","breadcrumb":{"@id":"https:\/\/m2bswitches.eu\/fr\/rd\/#breadcrumb"},"inLanguage":"fr-FR","potentialAction":[{"@type":"ReadAction","target":["https:\/\/m2bswitches.eu\/fr\/rd\/"]}]},{"@type":"BreadcrumbList","@id":"https:\/\/m2bswitches.eu\/fr\/rd\/#breadcrumb","itemListElement":[{"@type":"ListItem","position":1,"name":"Home","item":"https:\/\/m2bswitches.eu\/fr\/"},{"@type":"ListItem","position":2,"name":"R&#038;D"}]},{"@type":"WebSite","@id":"https:\/\/m2bswitches.eu\/#website","url":"https:\/\/m2bswitches.eu\/","name":"m2b Switches","description":"Cetrex new project","publisher":{"@id":"https:\/\/m2bswitches.eu\/#organization"},"potentialAction":[{"@type":"SearchAction","target":{"@type":"EntryPoint","urlTemplate":"https:\/\/m2bswitches.eu\/?s={search_term_string}"},"query-input":{"@type":"PropertyValueSpecification","valueRequired":true,"valueName":"search_term_string"}}],"inLanguage":"fr-FR"},{"@type":"Organization","@id":"https:\/\/m2bswitches.eu\/#organization","name":"m2b Switches","url":"https:\/\/m2bswitches.eu\/","logo":{"@type":"ImageObject","inLanguage":"fr-FR","@id":"https:\/\/m2bswitches.eu\/#\/schema\/logo\/image\/","url":"https:\/\/m2bswitches.eu\/wp-content\/uploads\/2023\/06\/logo-m2b.png","contentUrl":"https:\/\/m2bswitches.eu\/wp-content\/uploads\/2023\/06\/logo-m2b.png","width":1115,"height":295,"caption":"m2b Switches"},"image":{"@id":"https:\/\/m2bswitches.eu\/#\/schema\/logo\/image\/"},"sameAs":["https:\/\/x.com\/m2btech","https:\/\/www.linkedin.com\/company\/m2btechnologies\/?originalSubdomain=es"]}]}},"_links":{"self":[{"href":"https:\/\/m2bswitches.eu\/fr\/wp-json\/wp\/v2\/pages\/1854","targetHints":{"allow":["GET"]}}],"collection":[{"href":"https:\/\/m2bswitches.eu\/fr\/wp-json\/wp\/v2\/pages"}],"about":[{"href":"https:\/\/m2bswitches.eu\/fr\/wp-json\/wp\/v2\/types\/page"}],"author":[{"embeddable":true,"href":"https:\/\/m2bswitches.eu\/fr\/wp-json\/wp\/v2\/users\/1"}],"replies":[{"embeddable":true,"href":"https:\/\/m2bswitches.eu\/fr\/wp-json\/wp\/v2\/comments?post=1854"}],"version-history":[{"count":7,"href":"https:\/\/m2bswitches.eu\/fr\/wp-json\/wp\/v2\/pages\/1854\/revisions"}],"predecessor-version":[{"id":6104,"href":"https:\/\/m2bswitches.eu\/fr\/wp-json\/wp\/v2\/pages\/1854\/revisions\/6104"}],"wp:attachment":[{"href":"https:\/\/m2bswitches.eu\/fr\/wp-json\/wp\/v2\/media?parent=1854"}],"curies":[{"name":"wp","href":"https:\/\/api.w.org\/{rel}","templated":true}]}}