{"id":1856,"date":"2023-05-22T09:23:08","date_gmt":"2023-05-22T09:23:08","guid":{"rendered":"https:\/\/m2bswitches.eu\/rd\/"},"modified":"2023-07-12T20:49:53","modified_gmt":"2023-07-12T20:49:53","slug":"rd","status":"publish","type":"page","link":"https:\/\/m2bswitches.eu\/it\/rd\/","title":{"rendered":"Ricerca e sviluppo"},"content":{"rendered":"<div class=\"wpb-content-wrapper\">[vc_row full_width=&#8221;stretch_row_content_no_spaces&#8221; equal_height=&#8221;yes&#8221; remove_bottom_col_margin=&#8221;true&#8221;][vc_column width=&#8221;1\/2&#8243; css=&#8221;.vc_custom_1688056971118{background-image: url(https:\/\/m2bswitches.eu\/wp-content\/uploads\/2023\/06\/JORT9660-Canon-EOS-R7-RF-S18-150mm-F3.5-6.3-IS-STM-7.1-400-scaled.jpg?id=5207) !important;background-position: center !important;background-repeat: no-repeat !important;background-size: cover !important;}&#8221;]<div class=\"vcex-spacing wpex-w-100 wpex-clear\" style=\"height:400px;\"><\/div>[\/vc_column][vc_column width=&#8221;1\/2&#8243; css=&#8221;.vc_custom_1684747351307{padding-top: 5% !important;padding-right: 10% !important;padding-bottom: 5% !important;padding-left: 10% !important;background-color: #686868 !important;}&#8221;]<div class=\"vcex-spacing wpex-w-100 wpex-clear\" style=\"height:20px;\"><\/div>[vc_column_text color=&#8221;#ffffff&#8221;]\n<h1>Ricerca e sviluppo<\/h1>\n<p class=\"p1\">La ricerca, la progettazione e lo sviluppo di nuove soluzioni \u00e8 uno dei punti pi\u00f9 importanti per M2B poich\u00e9 uno dei nostri obiettivi principali \u00e8 dare risposte concrete alle esigenze del mercato.<\/p>\n<p class=\"p1\">Abbiamo il nostro dipartimento di ingegneria dove conoscenza, esperienza, capacit\u00e0, innovazione e creativit\u00e0 si uniscono per creare i progetti pi\u00f9 esclusivi e personalizzati, tenendo conto delle esigenze specifiche di ogni cliente.<\/p>\n<p class=\"p1\">Avere la pi\u00f9 recente tecnologia Cad-Cam e stampanti 3D ci consente di lavorare su prototipi utilizzando la stereolitografia molto rapidamente.<\/p>\n[\/vc_column_text]<div class=\"vcex-spacing wpex-w-100 wpex-clear\" style=\"height:20px;\"><\/div>[\/vc_column][\/vc_row][vc_row full_width=&#8221;stretch_row_content_no_spaces&#8221; css=&#8221;.vc_custom_1684745026062{padding-top: 5px !important;padding-bottom: 5px !important;}&#8221;][vc_column]<div class=\"vcex-image-carousel wpex-carousel wpex-carousel-images wpex-clr vcex-module owl-carousel arrwstyle-default arrwpos-abs\" data-wpex-carousel=\"{&quot;autoplay&quot;:&quot;true&quot;,&quot;center&quot;:&quot;true&quot;,&quot;slideBy&quot;:1,&quot;margin&quot;:5,&quot;items&quot;:5,&quot;responsive&quot;:{&quot;0&quot;:{&quot;items&quot;:&quot;1&quot;},&quot;480&quot;:{&quot;items&quot;:&quot;2&quot;},&quot;768&quot;:{&quot;items&quot;:&quot;3&quot;},&quot;960&quot;:{&quot;items&quot;:5}},&quot;autoplayTimeout&quot;:1500}\"><div class=\"wpex-carousel-slide\"><figure class=\"wpex-carousel-entry-media entry-media wpex-relative\"><img data-no-lazy=\"1\" class=\"wpex-align-middle skip-lazy\" src=\"https:\/\/m2bswitches.eu\/wp-content\/uploads\/2023\/07\/key346.9-1-800x600.jpg\" alt=\"\" width=\"800\" height=\"600\"><\/figure><\/div><div class=\"wpex-carousel-slide\"><figure class=\"wpex-carousel-entry-media entry-media wpex-relative\"><img data-no-lazy=\"1\" class=\"wpex-align-middle skip-lazy\" src=\"https:\/\/m2bswitches.eu\/wp-content\/uploads\/2023\/07\/key983.108-800x600.jpg\" alt=\"\" width=\"800\" height=\"600\"><\/figure><\/div><div class=\"wpex-carousel-slide\"><figure class=\"wpex-carousel-entry-media entry-media wpex-relative\"><img data-no-lazy=\"1\" class=\"wpex-align-middle skip-lazy\" src=\"https:\/\/m2bswitches.eu\/wp-content\/uploads\/2023\/07\/KS3015613174.49-1-800x600.jpg\" alt=\"\" width=\"800\" height=\"600\"><\/figure><\/div><div class=\"wpex-carousel-slide\"><figure class=\"wpex-carousel-entry-media entry-media wpex-relative\"><img data-no-lazy=\"1\" class=\"wpex-align-middle skip-lazy\" src=\"https:\/\/m2bswitches.eu\/wp-content\/uploads\/2023\/07\/KS3015613174.47-1-800x600.jpg\" alt=\"\" width=\"800\" height=\"600\"><\/figure><\/div><div class=\"wpex-carousel-slide\"><figure class=\"wpex-carousel-entry-media entry-media wpex-relative\"><img data-no-lazy=\"1\" class=\"wpex-align-middle skip-lazy\" src=\"https:\/\/m2bswitches.eu\/wp-content\/uploads\/2023\/07\/KS56912225.22-800x600.jpg\" alt=\"\" srcset=\"https:\/\/m2bswitches.eu\/wp-content\/uploads\/2023\/07\/KS56912225.22-800x600.jpg 800w, https:\/\/m2bswitches.eu\/wp-content\/uploads\/2023\/07\/KS56912225.22-300x225.jpg 300w, https:\/\/m2bswitches.eu\/wp-content\/uploads\/2023\/07\/KS56912225.22-1024x768.jpg 1024w, https:\/\/m2bswitches.eu\/wp-content\/uploads\/2023\/07\/KS56912225.22-768x576.jpg 768w, https:\/\/m2bswitches.eu\/wp-content\/uploads\/2023\/07\/KS56912225.22-600x450.jpg 600w, https:\/\/m2bswitches.eu\/wp-content\/uploads\/2023\/07\/KS56912225.22.jpg 1080w\" width=\"800\" height=\"600\"><\/figure><\/div><div class=\"wpex-carousel-slide\"><figure class=\"wpex-carousel-entry-media entry-media wpex-relative\"><img data-no-lazy=\"1\" class=\"wpex-align-middle skip-lazy\" src=\"https:\/\/m2bswitches.eu\/wp-content\/uploads\/2023\/07\/KS1932929948.19-800x600.jpg\" alt=\"\" srcset=\"https:\/\/m2bswitches.eu\/wp-content\/uploads\/2023\/07\/KS1932929948.19-800x600.jpg 800w, https:\/\/m2bswitches.eu\/wp-content\/uploads\/2023\/07\/KS1932929948.19-300x225.jpg 300w, https:\/\/m2bswitches.eu\/wp-content\/uploads\/2023\/07\/KS1932929948.19-1024x768.jpg 1024w, https:\/\/m2bswitches.eu\/wp-content\/uploads\/2023\/07\/KS1932929948.19-768x576.jpg 768w, https:\/\/m2bswitches.eu\/wp-content\/uploads\/2023\/07\/KS1932929948.19-600x450.jpg 600w, https:\/\/m2bswitches.eu\/wp-content\/uploads\/2023\/07\/KS1932929948.19.jpg 1080w\" width=\"800\" height=\"600\"><\/figure><\/div><div class=\"wpex-carousel-slide\"><figure class=\"wpex-carousel-entry-media entry-media wpex-relative\"><img data-no-lazy=\"1\" class=\"wpex-align-middle skip-lazy\" src=\"https:\/\/m2bswitches.eu\/wp-content\/uploads\/2023\/07\/KS518432078.28-1-800x600.jpg\" alt=\"\" width=\"800\" height=\"600\"><\/figure><\/div><div class=\"wpex-carousel-slide\"><figure class=\"wpex-carousel-entry-media entry-media wpex-relative\"><img data-no-lazy=\"1\" class=\"wpex-align-middle skip-lazy\" src=\"https:\/\/m2bswitches.eu\/wp-content\/uploads\/2023\/07\/KS518432078.29-800x600.jpg\" alt=\"\" width=\"800\" height=\"600\"><\/figure><\/div><div class=\"wpex-carousel-slide\"><figure class=\"wpex-carousel-entry-media entry-media wpex-relative\"><img data-no-lazy=\"1\" class=\"wpex-align-middle skip-lazy\" src=\"https:\/\/m2bswitches.eu\/wp-content\/uploads\/2023\/07\/RD-2-1-scaled-800x600.jpg\" alt=\"\" width=\"800\" height=\"600\"><\/figure><\/div><div class=\"wpex-carousel-slide\"><figure class=\"wpex-carousel-entry-media entry-media wpex-relative\"><img data-no-lazy=\"1\" class=\"wpex-align-middle skip-lazy\" src=\"https:\/\/m2bswitches.eu\/wp-content\/uploads\/2023\/07\/RD-scaled-800x600.jpg\" alt=\"\" width=\"800\" height=\"600\"><\/figure><\/div><div class=\"wpex-carousel-slide\"><figure class=\"wpex-carousel-entry-media entry-media wpex-relative\"><img data-no-lazy=\"1\" class=\"wpex-align-middle skip-lazy\" src=\"https:\/\/m2bswitches.eu\/wp-content\/uploads\/2023\/07\/RD-1-2-scaled-800x600.jpg\" alt=\"\" width=\"800\" height=\"600\"><\/figure><\/div><\/div>[\/vc_column][\/vc_row]\n<\/div>","protected":false},"excerpt":{"rendered":"<p>[vc_row full_width=&#8221;stretch_row_content_no_spaces&#8221; equal_height=&#8221;yes&#8221; remove_bottom_col_margin=&#8221;true&#8221;][vc_column width=&#8221;1\/2&#8243; css=&#8221;.vc_custom_1688056971118{background-image: url(https:\/\/m2bswitches.eu\/wp-content\/uploads\/2023\/06\/JORT9660-Canon-EOS-R7-RF-S18-150mm-F3.5-6.3-IS-STM-7.1-400-scaled.jpg?id=5207) !important;background-position: center !important;background-repeat: no-repeat !important;background-size: cover !important;}&#8221;][\/vc_column][vc_column width=&#8221;1\/2&#8243; css=&#8221;.vc_custom_1684747351307{padding-top: 5% !important;padding-right: 10% !important;padding-bottom: 5% !important;padding-left: 10% !important;background-color: #686868 !important;}&#8221;][vc_column_text color=&#8221;#ffffff&#8221;] Ricerca e sviluppo La ricerca, la progettazione e lo sviluppo di nuove soluzioni \u00e8 uno dei punti pi\u00f9 importanti per M2B poich\u00e9 uno dei nostri obiettivi principali \u00e8&hellip;<\/p>\n","protected":false},"author":1,"featured_media":0,"parent":0,"menu_order":0,"comment_status":"closed","ping_status":"closed","template":"","meta":{"_acf_changed":false,"footnotes":""},"class_list":["post-1856","page","type-page","status-publish","hentry","entry","no-media"],"acf":[],"yoast_head":"<!-- This site is optimized with the Yoast SEO plugin v27.0 - https:\/\/yoast.com\/product\/yoast-seo-wordpress\/ -->\n<title>Ricerca e sviluppo - m2b Switches<\/title>\n<meta name=\"robots\" content=\"index, follow, max-snippet:-1, max-image-preview:large, max-video-preview:-1\" \/>\n<link rel=\"canonical\" href=\"https:\/\/m2bswitches.eu\/it\/rd\/\" \/>\n<meta property=\"og:locale\" content=\"it_IT\" \/>\n<meta property=\"og:type\" content=\"article\" \/>\n<meta property=\"og:title\" content=\"Ricerca e sviluppo - m2b Switches\" \/>\n<meta property=\"og:description\" content=\"[vc_row full_width=&#8221;stretch_row_content_no_spaces&#8221; equal_height=&#8221;yes&#8221; remove_bottom_col_margin=&#8221;true&#8221;][vc_column width=&#8221;1\/2&#8243; css=&#8221;.vc_custom_1688056971118{background-image: url(https:\/\/m2bswitches.eu\/wp-content\/uploads\/2023\/06\/JORT9660-Canon-EOS-R7-RF-S18-150mm-F3.5-6.3-IS-STM-7.1-400-scaled.jpg?id=5207) !important;background-position: center !important;background-repeat: no-repeat !important;background-size: cover !important;}&#8221;][\/vc_column][vc_column width=&#8221;1\/2&#8243; css=&#8221;.vc_custom_1684747351307{padding-top: 5% !important;padding-right: 10% !important;padding-bottom: 5% !important;padding-left: 10% !important;background-color: #686868 !important;}&#8221;][vc_column_text color=&#8221;#ffffff&#8221;] Ricerca e sviluppo La ricerca, la progettazione e lo sviluppo di nuove soluzioni \u00e8 uno dei punti pi\u00f9 importanti per M2B poich\u00e9 uno dei nostri obiettivi principali \u00e8&hellip;\" \/>\n<meta property=\"og:url\" content=\"https:\/\/m2bswitches.eu\/it\/rd\/\" \/>\n<meta property=\"og:site_name\" content=\"m2b Switches\" \/>\n<meta property=\"article:modified_time\" content=\"2023-07-12T20:49:53+00:00\" \/>\n<meta name=\"twitter:card\" content=\"summary_large_image\" \/>\n<meta name=\"twitter:site\" content=\"@m2btech\" \/>\n<meta name=\"twitter:label1\" content=\"Tempo di lettura stimato\" \/>\n\t<meta name=\"twitter:data1\" content=\"1 minuto\" \/>\n<script type=\"application\/ld+json\" class=\"yoast-schema-graph\">{\"@context\":\"https:\/\/schema.org\",\"@graph\":[{\"@type\":\"WebPage\",\"@id\":\"https:\/\/m2bswitches.eu\/it\/rd\/\",\"url\":\"https:\/\/m2bswitches.eu\/it\/rd\/\",\"name\":\"Ricerca e sviluppo - m2b Switches\",\"isPartOf\":{\"@id\":\"https:\/\/m2bswitches.eu\/#website\"},\"datePublished\":\"2023-05-22T09:23:08+00:00\",\"dateModified\":\"2023-07-12T20:49:53+00:00\",\"breadcrumb\":{\"@id\":\"https:\/\/m2bswitches.eu\/it\/rd\/#breadcrumb\"},\"inLanguage\":\"it-IT\",\"potentialAction\":[{\"@type\":\"ReadAction\",\"target\":[\"https:\/\/m2bswitches.eu\/it\/rd\/\"]}]},{\"@type\":\"BreadcrumbList\",\"@id\":\"https:\/\/m2bswitches.eu\/it\/rd\/#breadcrumb\",\"itemListElement\":[{\"@type\":\"ListItem\",\"position\":1,\"name\":\"Home\",\"item\":\"https:\/\/m2bswitches.eu\/it\/\"},{\"@type\":\"ListItem\",\"position\":2,\"name\":\"Ricerca e sviluppo\"}]},{\"@type\":\"WebSite\",\"@id\":\"https:\/\/m2bswitches.eu\/#website\",\"url\":\"https:\/\/m2bswitches.eu\/\",\"name\":\"m2b Switches\",\"description\":\"Cetrex new project\",\"publisher\":{\"@id\":\"https:\/\/m2bswitches.eu\/#organization\"},\"potentialAction\":[{\"@type\":\"SearchAction\",\"target\":{\"@type\":\"EntryPoint\",\"urlTemplate\":\"https:\/\/m2bswitches.eu\/?s={search_term_string}\"},\"query-input\":{\"@type\":\"PropertyValueSpecification\",\"valueRequired\":true,\"valueName\":\"search_term_string\"}}],\"inLanguage\":\"it-IT\"},{\"@type\":\"Organization\",\"@id\":\"https:\/\/m2bswitches.eu\/#organization\",\"name\":\"m2b Switches\",\"url\":\"https:\/\/m2bswitches.eu\/\",\"logo\":{\"@type\":\"ImageObject\",\"inLanguage\":\"it-IT\",\"@id\":\"https:\/\/m2bswitches.eu\/#\/schema\/logo\/image\/\",\"url\":\"https:\/\/m2bswitches.eu\/wp-content\/uploads\/2023\/06\/logo-m2b.png\",\"contentUrl\":\"https:\/\/m2bswitches.eu\/wp-content\/uploads\/2023\/06\/logo-m2b.png\",\"width\":1115,\"height\":295,\"caption\":\"m2b Switches\"},\"image\":{\"@id\":\"https:\/\/m2bswitches.eu\/#\/schema\/logo\/image\/\"},\"sameAs\":[\"https:\/\/x.com\/m2btech\",\"https:\/\/www.linkedin.com\/company\/m2btechnologies\/?originalSubdomain=es\"]}]}<\/script>\n<!-- \/ Yoast SEO plugin. -->","yoast_head_json":{"title":"Ricerca e sviluppo - m2b Switches","robots":{"index":"index","follow":"follow","max-snippet":"max-snippet:-1","max-image-preview":"max-image-preview:large","max-video-preview":"max-video-preview:-1"},"canonical":"https:\/\/m2bswitches.eu\/it\/rd\/","og_locale":"it_IT","og_type":"article","og_title":"Ricerca e sviluppo - m2b Switches","og_description":"[vc_row full_width=&#8221;stretch_row_content_no_spaces&#8221; equal_height=&#8221;yes&#8221; remove_bottom_col_margin=&#8221;true&#8221;][vc_column width=&#8221;1\/2&#8243; css=&#8221;.vc_custom_1688056971118{background-image: url(https:\/\/m2bswitches.eu\/wp-content\/uploads\/2023\/06\/JORT9660-Canon-EOS-R7-RF-S18-150mm-F3.5-6.3-IS-STM-7.1-400-scaled.jpg?id=5207) !important;background-position: center !important;background-repeat: no-repeat !important;background-size: cover !important;}&#8221;][\/vc_column][vc_column width=&#8221;1\/2&#8243; css=&#8221;.vc_custom_1684747351307{padding-top: 5% !important;padding-right: 10% !important;padding-bottom: 5% !important;padding-left: 10% !important;background-color: #686868 !important;}&#8221;][vc_column_text color=&#8221;#ffffff&#8221;] Ricerca e sviluppo La ricerca, la progettazione e lo sviluppo di nuove soluzioni \u00e8 uno dei punti pi\u00f9 importanti per M2B poich\u00e9 uno dei nostri obiettivi principali \u00e8&hellip;","og_url":"https:\/\/m2bswitches.eu\/it\/rd\/","og_site_name":"m2b Switches","article_modified_time":"2023-07-12T20:49:53+00:00","twitter_card":"summary_large_image","twitter_site":"@m2btech","twitter_misc":{"Tempo di lettura stimato":"1 minuto"},"schema":{"@context":"https:\/\/schema.org","@graph":[{"@type":"WebPage","@id":"https:\/\/m2bswitches.eu\/it\/rd\/","url":"https:\/\/m2bswitches.eu\/it\/rd\/","name":"Ricerca e sviluppo - m2b Switches","isPartOf":{"@id":"https:\/\/m2bswitches.eu\/#website"},"datePublished":"2023-05-22T09:23:08+00:00","dateModified":"2023-07-12T20:49:53+00:00","breadcrumb":{"@id":"https:\/\/m2bswitches.eu\/it\/rd\/#breadcrumb"},"inLanguage":"it-IT","potentialAction":[{"@type":"ReadAction","target":["https:\/\/m2bswitches.eu\/it\/rd\/"]}]},{"@type":"BreadcrumbList","@id":"https:\/\/m2bswitches.eu\/it\/rd\/#breadcrumb","itemListElement":[{"@type":"ListItem","position":1,"name":"Home","item":"https:\/\/m2bswitches.eu\/it\/"},{"@type":"ListItem","position":2,"name":"Ricerca e sviluppo"}]},{"@type":"WebSite","@id":"https:\/\/m2bswitches.eu\/#website","url":"https:\/\/m2bswitches.eu\/","name":"m2b Switches","description":"Cetrex new project","publisher":{"@id":"https:\/\/m2bswitches.eu\/#organization"},"potentialAction":[{"@type":"SearchAction","target":{"@type":"EntryPoint","urlTemplate":"https:\/\/m2bswitches.eu\/?s={search_term_string}"},"query-input":{"@type":"PropertyValueSpecification","valueRequired":true,"valueName":"search_term_string"}}],"inLanguage":"it-IT"},{"@type":"Organization","@id":"https:\/\/m2bswitches.eu\/#organization","name":"m2b Switches","url":"https:\/\/m2bswitches.eu\/","logo":{"@type":"ImageObject","inLanguage":"it-IT","@id":"https:\/\/m2bswitches.eu\/#\/schema\/logo\/image\/","url":"https:\/\/m2bswitches.eu\/wp-content\/uploads\/2023\/06\/logo-m2b.png","contentUrl":"https:\/\/m2bswitches.eu\/wp-content\/uploads\/2023\/06\/logo-m2b.png","width":1115,"height":295,"caption":"m2b Switches"},"image":{"@id":"https:\/\/m2bswitches.eu\/#\/schema\/logo\/image\/"},"sameAs":["https:\/\/x.com\/m2btech","https:\/\/www.linkedin.com\/company\/m2btechnologies\/?originalSubdomain=es"]}]}},"_links":{"self":[{"href":"https:\/\/m2bswitches.eu\/it\/wp-json\/wp\/v2\/pages\/1856","targetHints":{"allow":["GET"]}}],"collection":[{"href":"https:\/\/m2bswitches.eu\/it\/wp-json\/wp\/v2\/pages"}],"about":[{"href":"https:\/\/m2bswitches.eu\/it\/wp-json\/wp\/v2\/types\/page"}],"author":[{"embeddable":true,"href":"https:\/\/m2bswitches.eu\/it\/wp-json\/wp\/v2\/users\/1"}],"replies":[{"embeddable":true,"href":"https:\/\/m2bswitches.eu\/it\/wp-json\/wp\/v2\/comments?post=1856"}],"version-history":[{"count":7,"href":"https:\/\/m2bswitches.eu\/it\/wp-json\/wp\/v2\/pages\/1856\/revisions"}],"predecessor-version":[{"id":6106,"href":"https:\/\/m2bswitches.eu\/it\/wp-json\/wp\/v2\/pages\/1856\/revisions\/6106"}],"wp:attachment":[{"href":"https:\/\/m2bswitches.eu\/it\/wp-json\/wp\/v2\/media?parent=1856"}],"curies":[{"name":"wp","href":"https:\/\/api.w.org\/{rel}","templated":true}]}}